{"id":22241,"date":"2019-11-11T07:55:44","date_gmt":"2019-11-11T06:55:44","guid":{"rendered":"https:\/\/dirwabaum.de\/wordpress\/?page_id=22241"},"modified":"2024-05-05T08:23:16","modified_gmt":"2024-05-05T06:23:16","slug":"ruppendorf","status":"publish","type":"page","link":"https:\/\/dirwabaum.de\/wordpress\/suehnekreuze\/ruppendorf\/","title":{"rendered":"Ruppendorf"},"content":{"rendered":"<div class='__iawmlf-post-loop-links' style='display:none;' data-iawmlf-post-links='[{&quot;id&quot;:468,&quot;href&quot;:&quot;https:\\\/\\\/wp.me\\\/PIjRS-5Il&quot;,&quot;archived_href&quot;:&quot;&quot;,&quot;redirect_href&quot;:&quot;&quot;,&quot;checks&quot;:[],&quot;broken&quot;:false,&quot;last_checked&quot;:null,&quot;process&quot;:&quot;done&quot;}]'><\/div>\n<p class=\"wp-block-paragraph\">In Ruppendorf finden sich zwei Kreuze. Das erste steht nah bei der Kirche<\/p>\n\n\n<div class=\"wp-block-image\">\n<figure class=\"aligncenter\"><a href=\"https:\/\/dirwabaum.de\/wordpress\/wp-content\/uploads\/2019\/11\/ruppendorf-I-II.jpg\"><img loading=\"lazy\" decoding=\"async\" width=\"800\" height=\"1239\" data-attachment-id=\"22244\" data-permalink=\"https:\/\/dirwabaum.de\/wordpress\/suehnekreuze\/ruppendorf\/ruppendorf-i-ii\/\" data-orig-file=\"https:\/\/dirwabaum.de\/wordpress\/wp-content\/uploads\/2019\/11\/ruppendorf-I-II.jpg\" data-orig-size=\"800,1239\" data-comments-opened=\"1\" data-image-meta=\"{&quot;aperture&quot;:&quot;5.6&quot;,&quot;credit&quot;:&quot;&quot;,&quot;camera&quot;:&quot;NIKON D5100&quot;,&quot;caption&quot;:&quot;&quot;,&quot;created_timestamp&quot;:&quot;1573377022&quot;,&quot;copyright&quot;:&quot;@derbaum&quot;,&quot;focal_length&quot;:&quot;26&quot;,&quot;iso&quot;:&quot;100&quot;,&quot;shutter_speed&quot;:&quot;0.008&quot;,&quot;title&quot;:&quot;&quot;,&quot;orientation&quot;:&quot;1&quot;}\" data-image-title=\"ruppendorf I II\" data-image-description=\"\" data-image-caption=\"\" data-large-file=\"https:\/\/dirwabaum.de\/wordpress\/wp-content\/uploads\/2019\/11\/ruppendorf-I-II-661x1024.jpg\" src=\"https:\/\/dirwabaum.de\/wordpress\/wp-content\/uploads\/2019\/11\/ruppendorf-I-II.jpg\" alt=\"\" class=\"wp-image-22244\" srcset=\"https:\/\/dirwabaum.de\/wordpress\/wp-content\/uploads\/2019\/11\/ruppendorf-I-II.jpg 800w, https:\/\/dirwabaum.de\/wordpress\/wp-content\/uploads\/2019\/11\/ruppendorf-I-II-97x150.jpg 97w, https:\/\/dirwabaum.de\/wordpress\/wp-content\/uploads\/2019\/11\/ruppendorf-I-II-194x300.jpg 194w, https:\/\/dirwabaum.de\/wordpress\/wp-content\/uploads\/2019\/11\/ruppendorf-I-II-768x1189.jpg 768w, https:\/\/dirwabaum.de\/wordpress\/wp-content\/uploads\/2019\/11\/ruppendorf-I-II-661x1024.jpg 661w\" sizes=\"auto, (max-width: 800px) 100vw, 800px\" \/><\/a><\/figure>\n<\/div>\n\n\n<p class=\"wp-block-paragraph\"><\/p>\n\n\n\n<p class=\"wp-block-paragraph\">auf der Wiese direkt am H\u00f6ckenbach.<br><\/p>\n\n\n<div class=\"wp-block-image\">\n<figure class=\"aligncenter\"><a href=\"https:\/\/dirwabaum.de\/wordpress\/wp-content\/uploads\/2019\/11\/ruppendorf-I-I.jpg\"><img loading=\"lazy\" decoding=\"async\" width=\"1000\" height=\"781\" data-attachment-id=\"22243\" data-permalink=\"https:\/\/dirwabaum.de\/wordpress\/suehnekreuze\/ruppendorf\/ruppendorf-i-i\/\" data-orig-file=\"https:\/\/dirwabaum.de\/wordpress\/wp-content\/uploads\/2019\/11\/ruppendorf-I-I.jpg\" data-orig-size=\"1000,781\" data-comments-opened=\"1\" data-image-meta=\"{&quot;aperture&quot;:&quot;5.6&quot;,&quot;credit&quot;:&quot;&quot;,&quot;camera&quot;:&quot;NIKON D5100&quot;,&quot;caption&quot;:&quot;&quot;,&quot;created_timestamp&quot;:&quot;1573377009&quot;,&quot;copyright&quot;:&quot;@derbaum&quot;,&quot;focal_length&quot;:&quot;105&quot;,&quot;iso&quot;:&quot;100&quot;,&quot;shutter_speed&quot;:&quot;0.008&quot;,&quot;title&quot;:&quot;&quot;,&quot;orientation&quot;:&quot;1&quot;}\" data-image-title=\"ruppendorf I I\" data-image-description=\"\" data-image-caption=\"\" data-large-file=\"https:\/\/dirwabaum.de\/wordpress\/wp-content\/uploads\/2019\/11\/ruppendorf-I-I.jpg\" src=\"https:\/\/dirwabaum.de\/wordpress\/wp-content\/uploads\/2019\/11\/ruppendorf-I-I.jpg\" alt=\"\" class=\"wp-image-22243\" srcset=\"https:\/\/dirwabaum.de\/wordpress\/wp-content\/uploads\/2019\/11\/ruppendorf-I-I.jpg 1000w, https:\/\/dirwabaum.de\/wordpress\/wp-content\/uploads\/2019\/11\/ruppendorf-I-I-150x117.jpg 150w, https:\/\/dirwabaum.de\/wordpress\/wp-content\/uploads\/2019\/11\/ruppendorf-I-I-300x234.jpg 300w, https:\/\/dirwabaum.de\/wordpress\/wp-content\/uploads\/2019\/11\/ruppendorf-I-I-768x600.jpg 768w\" sizes=\"auto, (max-width: 1000px) 100vw, 1000px\" \/><\/a><\/figure>\n<\/div>\n\n\n<p class=\"wp-block-paragraph\"><\/p>\n\n\n\n<p class=\"wp-block-paragraph\">Das grosse &#8218;B&#8216; auf dem Kreuz steht m\u00f6glicherweise f\u00fcr Beerwalde. Auf der R\u00fcckseite ist ein &#8218;R&#8216; eingermeisselt was wohl f\u00fcr Ruppendorf steht. (das konnte ich nicht dokumentieren, ich wollte nicht auf einer bewohnten Schafweide rumspazieren &#8212; Nachtrag April 2024 &#8211; ich hab heute auch die zweite Seite abgelichtet, siehe die Bilder unten &#8212; diese Bedeutungen gehen aus dem m\u00f6glichen fr\u00fcheren Standort hervor &#8211; es soll an der Grenze der beiden Ortschaften gestanden haben. Es gibt auch die Sagen:<br>-Es ist ein Grab aus den Hussitenkriegen<br>-Es ist ein Grab eines an der Pest verstorbenen Schweden im 30j\u00e4hrigen Krieg.<br>Dagegen spricht allerdings die N\u00e4he zum Bachlauf. <br>Die gegen\u00fcberliegenden Buchstaben deuten am ehesten darauf hin, dass es sich um ein ehemaliges Grenzkreuz handelt.<br><br><\/p>\n\n\n\n<figure class=\"wp-block-gallery aligncenter has-nested-images columns-default is-cropped wp-block-gallery-2 is-layout-flex wp-block-gallery-is-layout-flex\">\n<figure class=\"wp-block-image size-large\"><a href=\"https:\/\/dirwabaum.de\/wordpress\/wp-content\/uploads\/2024\/04\/ruppendorf-2.jpg\"><img loading=\"lazy\" decoding=\"async\" width=\"919\" height=\"1000\" data-attachment-id=\"37699\" data-permalink=\"https:\/\/dirwabaum.de\/wordpress\/suehnekreuze\/ruppendorf\/ruppendorf-2\/\" data-orig-file=\"https:\/\/dirwabaum.de\/wordpress\/wp-content\/uploads\/2024\/04\/ruppendorf-2.jpg\" data-orig-size=\"919,1000\" data-comments-opened=\"1\" data-image-meta=\"{&quot;aperture&quot;:&quot;1.8&quot;,&quot;credit&quot;:&quot;&quot;,&quot;camera&quot;:&quot;iPhone 14 Pro&quot;,&quot;caption&quot;:&quot;&quot;,&quot;created_timestamp&quot;:&quot;1714207192&quot;,&quot;copyright&quot;:&quot;\\u00a9 derbaum&quot;,&quot;focal_length&quot;:&quot;6.86&quot;,&quot;iso&quot;:&quot;64&quot;,&quot;shutter_speed&quot;:&quot;0.0005&quot;,&quot;title&quot;:&quot;&quot;,&quot;orientation&quot;:&quot;0&quot;}\" data-image-title=\"ruppendorf-2\" data-image-description=\"\" data-image-caption=\"\" data-large-file=\"https:\/\/dirwabaum.de\/wordpress\/wp-content\/uploads\/2024\/04\/ruppendorf-2.jpg\" data-id=\"37699\" src=\"https:\/\/dirwabaum.de\/wordpress\/wp-content\/uploads\/2024\/04\/ruppendorf-2.jpg\" alt=\"\" class=\"wp-image-37699\" srcset=\"https:\/\/dirwabaum.de\/wordpress\/wp-content\/uploads\/2024\/04\/ruppendorf-2.jpg 919w, https:\/\/dirwabaum.de\/wordpress\/wp-content\/uploads\/2024\/04\/ruppendorf-2-276x300.jpg 276w, https:\/\/dirwabaum.de\/wordpress\/wp-content\/uploads\/2024\/04\/ruppendorf-2-138x150.jpg 138w, https:\/\/dirwabaum.de\/wordpress\/wp-content\/uploads\/2024\/04\/ruppendorf-2-768x836.jpg 768w\" sizes=\"auto, (max-width: 919px) 100vw, 919px\" \/><\/a><\/figure>\n\n\n\n<figure class=\"wp-block-image size-large\"><a href=\"https:\/\/dirwabaum.de\/wordpress\/wp-content\/uploads\/2024\/04\/ruppendorf.jpg\"><img loading=\"lazy\" decoding=\"async\" width=\"1200\" height=\"903\" data-attachment-id=\"37700\" data-permalink=\"https:\/\/dirwabaum.de\/wordpress\/suehnekreuze\/ruppendorf\/ruppendorf-3\/\" data-orig-file=\"https:\/\/dirwabaum.de\/wordpress\/wp-content\/uploads\/2024\/04\/ruppendorf.jpg\" data-orig-size=\"1200,903\" data-comments-opened=\"1\" data-image-meta=\"{&quot;aperture&quot;:&quot;1.8&quot;,&quot;credit&quot;:&quot;&quot;,&quot;camera&quot;:&quot;iPhone 14 Pro&quot;,&quot;caption&quot;:&quot;&quot;,&quot;created_timestamp&quot;:&quot;1714207174&quot;,&quot;copyright&quot;:&quot;\\u00a9 derbaum&quot;,&quot;focal_length&quot;:&quot;6.86&quot;,&quot;iso&quot;:&quot;80&quot;,&quot;shutter_speed&quot;:&quot;0.00052631578947368&quot;,&quot;title&quot;:&quot;&quot;,&quot;orientation&quot;:&quot;0&quot;}\" data-image-title=\"ruppendorf\" data-image-description=\"\" data-image-caption=\"\" data-large-file=\"https:\/\/dirwabaum.de\/wordpress\/wp-content\/uploads\/2024\/04\/ruppendorf.jpg\" data-id=\"37700\" src=\"https:\/\/dirwabaum.de\/wordpress\/wp-content\/uploads\/2024\/04\/ruppendorf.jpg\" alt=\"\" class=\"wp-image-37700\" srcset=\"https:\/\/dirwabaum.de\/wordpress\/wp-content\/uploads\/2024\/04\/ruppendorf.jpg 1200w, https:\/\/dirwabaum.de\/wordpress\/wp-content\/uploads\/2024\/04\/ruppendorf-300x226.jpg 300w, https:\/\/dirwabaum.de\/wordpress\/wp-content\/uploads\/2024\/04\/ruppendorf-150x113.jpg 150w, https:\/\/dirwabaum.de\/wordpress\/wp-content\/uploads\/2024\/04\/ruppendorf-768x578.jpg 768w\" sizes=\"auto, (max-width: 1200px) 100vw, 1200px\" \/><\/a><\/figure>\n<\/figure>\n\n\n\n<h2 class=\"wp-block-heading has-text-align-center\"><br><br>Das zweite Kreuz ist eigentlich kein Kreuz sondern eine Bets\u00e4ule.<br><br><\/h2>\n\n\n<div class=\"wp-block-image\">\n<figure class=\"aligncenter\"><a href=\"https:\/\/dirwabaum.de\/wordpress\/wp-content\/uploads\/2019\/11\/ruppendorf-II-I.jpg\"><img loading=\"lazy\" decoding=\"async\" width=\"800\" height=\"1305\" data-attachment-id=\"22251\" data-permalink=\"https:\/\/dirwabaum.de\/wordpress\/suehnekreuze\/ruppendorf\/ruppendorf-ii-i\/\" data-orig-file=\"https:\/\/dirwabaum.de\/wordpress\/wp-content\/uploads\/2019\/11\/ruppendorf-II-I.jpg\" data-orig-size=\"800,1305\" data-comments-opened=\"1\" data-image-meta=\"{&quot;aperture&quot;:&quot;5.6&quot;,&quot;credit&quot;:&quot;&quot;,&quot;camera&quot;:&quot;NIKON D5100&quot;,&quot;caption&quot;:&quot;&quot;,&quot;created_timestamp&quot;:&quot;1573377364&quot;,&quot;copyright&quot;:&quot;@derbaum&quot;,&quot;focal_length&quot;:&quot;62&quot;,&quot;iso&quot;:&quot;100&quot;,&quot;shutter_speed&quot;:&quot;0.02&quot;,&quot;title&quot;:&quot;&quot;,&quot;orientation&quot;:&quot;1&quot;}\" data-image-title=\"ruppendorf II I\" data-image-description=\"\" data-image-caption=\"\" data-large-file=\"https:\/\/dirwabaum.de\/wordpress\/wp-content\/uploads\/2019\/11\/ruppendorf-II-I-628x1024.jpg\" src=\"https:\/\/dirwabaum.de\/wordpress\/wp-content\/uploads\/2019\/11\/ruppendorf-II-I.jpg\" alt=\"\" class=\"wp-image-22251\" srcset=\"https:\/\/dirwabaum.de\/wordpress\/wp-content\/uploads\/2019\/11\/ruppendorf-II-I.jpg 800w, https:\/\/dirwabaum.de\/wordpress\/wp-content\/uploads\/2019\/11\/ruppendorf-II-I-92x150.jpg 92w, https:\/\/dirwabaum.de\/wordpress\/wp-content\/uploads\/2019\/11\/ruppendorf-II-I-184x300.jpg 184w, https:\/\/dirwabaum.de\/wordpress\/wp-content\/uploads\/2019\/11\/ruppendorf-II-I-768x1253.jpg 768w, https:\/\/dirwabaum.de\/wordpress\/wp-content\/uploads\/2019\/11\/ruppendorf-II-I-628x1024.jpg 628w\" sizes=\"auto, (max-width: 800px) 100vw, 800px\" \/><\/a><\/figure>\n<\/div>\n\n\n<p class=\"wp-block-paragraph\"><\/p>\n\n\n\n<p class=\"has-text-align-center wp-block-paragraph\">Genauer eine von ihrem urspr\u00fcnglichen Platz hierhin versetzte sogenannte <a href=\"https:\/\/dirwabaum.de\/wordpress\/suehnekreuze\/hoeckendorf\/die-thelersaeulen\/\">Thelers\u00e4ule<\/a>. Alles Weitere findet sich dort auf der Seite.<br><br><\/p>\n\n\n<div class=\"wp-block-image\">\n<figure class=\"aligncenter\"><a href=\"https:\/\/dirwabaum.de\/wordpress\/wp-content\/uploads\/2019\/11\/ruppendorf-II-II.jpg\"><img loading=\"lazy\" decoding=\"async\" width=\"800\" height=\"1006\" data-attachment-id=\"22252\" data-permalink=\"https:\/\/dirwabaum.de\/wordpress\/suehnekreuze\/ruppendorf\/ruppendorf-ii-ii\/\" data-orig-file=\"https:\/\/dirwabaum.de\/wordpress\/wp-content\/uploads\/2019\/11\/ruppendorf-II-II.jpg\" data-orig-size=\"800,1006\" data-comments-opened=\"1\" data-image-meta=\"{&quot;aperture&quot;:&quot;5.6&quot;,&quot;credit&quot;:&quot;&quot;,&quot;camera&quot;:&quot;NIKON D5100&quot;,&quot;caption&quot;:&quot;&quot;,&quot;created_timestamp&quot;:&quot;1573377378&quot;,&quot;copyright&quot;:&quot;@derbaum&quot;,&quot;focal_length&quot;:&quot;42&quot;,&quot;iso&quot;:&quot;100&quot;,&quot;shutter_speed&quot;:&quot;0.02&quot;,&quot;title&quot;:&quot;&quot;,&quot;orientation&quot;:&quot;1&quot;}\" data-image-title=\"ruppendorf II II\" data-image-description=\"\" data-image-caption=\"\" data-large-file=\"https:\/\/dirwabaum.de\/wordpress\/wp-content\/uploads\/2019\/11\/ruppendorf-II-II.jpg\" src=\"https:\/\/dirwabaum.de\/wordpress\/wp-content\/uploads\/2019\/11\/ruppendorf-II-II.jpg\" alt=\"\" class=\"wp-image-22252\" srcset=\"https:\/\/dirwabaum.de\/wordpress\/wp-content\/uploads\/2019\/11\/ruppendorf-II-II.jpg 800w, https:\/\/dirwabaum.de\/wordpress\/wp-content\/uploads\/2019\/11\/ruppendorf-II-II-119x150.jpg 119w, https:\/\/dirwabaum.de\/wordpress\/wp-content\/uploads\/2019\/11\/ruppendorf-II-II-239x300.jpg 239w, https:\/\/dirwabaum.de\/wordpress\/wp-content\/uploads\/2019\/11\/ruppendorf-II-II-768x966.jpg 768w\" sizes=\"auto, (max-width: 800px) 100vw, 800px\" \/><\/a><\/figure>\n<\/div>\n\n\n<p class=\"wp-block-paragraph\"><\/p>\n\n\n\n<p class=\"has-text-align-right wp-block-paragraph\"><a href=\"https:\/\/wp.me\/PIjRS-5Il\">zur\u00fcck<\/a><\/p>\n\n\n\n<center>***<\/center>\n","protected":false},"excerpt":{"rendered":"<p>In Ruppendorf finden sich zwei Kreuze. Das erste steht nah bei der Kirche auf der Wiese direkt am H\u00f6ckenbach. Das grosse &#8218;B&#8216; auf dem Kreuz steht m\u00f6glicherweise f\u00fcr Beerwalde. Auf der R\u00fcckseite ist ein &#8218;R&#8216; eingermeisselt was wohl f\u00fcr Ruppendorf steht. (das konnte ich nicht dokumentieren, ich wollte nicht auf einer bewohnten Schafweide rumspazieren &#8212; [&hellip;]<\/p>\n","protected":false},"author":3,"featured_media":37699,"parent":21969,"menu_order":66000,"comment_status":"closed","ping_status":"closed","template":"floating-right-sidebar.php","meta":{"_crdt_document":"","jetpack_post_was_ever_published":false,"activitypub_content_warning":"","activitypub_content_visibility":"","activitypub_max_image_attachments":3,"activitypub_interaction_policy_quote":"anyone","activitypub_status":"federate","footnotes":""},"class_list":["post-22241","page","type-page","status-publish","has-post-thumbnail","hentry"],"yoast_head":"<!-- This site is optimized with the Yoast SEO plugin v27.4 - https:\/\/yoast.com\/product\/yoast-seo-wordpress\/ -->\n<title>Ruppendorf &#8211; DerBaum<\/title>\n<meta name=\"robots\" content=\"index, follow, max-snippet:-1, max-image-preview:large, max-video-preview:-1\" \/>\n<link rel=\"canonical\" href=\"https:\/\/dirwabaum.de\/wordpress\/suehnekreuze\/ruppendorf\/\" \/>\n<meta property=\"og:locale\" content=\"de_DE\" \/>\n<meta property=\"og:type\" content=\"article\" \/>\n<meta property=\"og:title\" content=\"Ruppendorf &#8211; DerBaum\" \/>\n<meta property=\"og:description\" content=\"In Ruppendorf finden sich zwei Kreuze. Das erste steht nah bei der Kirche auf der Wiese direkt am H\u00f6ckenbach. Das grosse &#8218;B&#8216; auf dem Kreuz steht m\u00f6glicherweise f\u00fcr Beerwalde. Auf der R\u00fcckseite ist ein &#8218;R&#8216; eingermeisselt was wohl f\u00fcr Ruppendorf steht. (das konnte ich nicht dokumentieren, ich wollte nicht auf einer bewohnten Schafweide rumspazieren &#8212; [&hellip;]\" \/>\n<meta property=\"og:url\" content=\"https:\/\/dirwabaum.de\/wordpress\/suehnekreuze\/ruppendorf\/\" \/>\n<meta property=\"og:site_name\" content=\"DerBaum\" \/>\n<meta property=\"article:modified_time\" content=\"2024-05-05T06:23:16+00:00\" \/>\n<meta property=\"og:image\" content=\"https:\/\/dirwabaum.de\/wordpress\/wp-content\/uploads\/2024\/04\/ruppendorf-2.jpg\" \/>\n\t<meta property=\"og:image:width\" content=\"919\" \/>\n\t<meta property=\"og:image:height\" content=\"1000\" \/>\n\t<meta property=\"og:image:type\" content=\"image\/jpeg\" \/>\n<meta name=\"twitter:label1\" content=\"Gesch\u00e4tzte Lesezeit\" \/>\n\t<meta name=\"twitter:data1\" content=\"3\u00a0Minuten\" \/>\n<script type=\"application\/ld+json\" class=\"yoast-schema-graph\">{\"@context\":\"https:\\\/\\\/schema.org\",\"@graph\":[{\"@type\":\"WebPage\",\"@id\":\"https:\\\/\\\/dirwabaum.de\\\/wordpress\\\/suehnekreuze\\\/ruppendorf\\\/\",\"url\":\"https:\\\/\\\/dirwabaum.de\\\/wordpress\\\/suehnekreuze\\\/ruppendorf\\\/\",\"name\":\"Ruppendorf &#8211; DerBaum\",\"isPartOf\":{\"@id\":\"https:\\\/\\\/dirwabaum.de\\\/wordpress\\\/#website\"},\"primaryImageOfPage\":{\"@id\":\"https:\\\/\\\/dirwabaum.de\\\/wordpress\\\/suehnekreuze\\\/ruppendorf\\\/#primaryimage\"},\"image\":{\"@id\":\"https:\\\/\\\/dirwabaum.de\\\/wordpress\\\/suehnekreuze\\\/ruppendorf\\\/#primaryimage\"},\"thumbnailUrl\":\"https:\\\/\\\/dirwabaum.de\\\/wordpress\\\/wp-content\\\/uploads\\\/2024\\\/04\\\/ruppendorf-2.jpg\",\"datePublished\":\"2019-11-11T06:55:44+00:00\",\"dateModified\":\"2024-05-05T06:23:16+00:00\",\"breadcrumb\":{\"@id\":\"https:\\\/\\\/dirwabaum.de\\\/wordpress\\\/suehnekreuze\\\/ruppendorf\\\/#breadcrumb\"},\"inLanguage\":\"de\",\"potentialAction\":[{\"@type\":\"ReadAction\",\"target\":[\"https:\\\/\\\/dirwabaum.de\\\/wordpress\\\/suehnekreuze\\\/ruppendorf\\\/\"]}]},{\"@type\":\"ImageObject\",\"inLanguage\":\"de\",\"@id\":\"https:\\\/\\\/dirwabaum.de\\\/wordpress\\\/suehnekreuze\\\/ruppendorf\\\/#primaryimage\",\"url\":\"https:\\\/\\\/dirwabaum.de\\\/wordpress\\\/wp-content\\\/uploads\\\/2024\\\/04\\\/ruppendorf-2.jpg\",\"contentUrl\":\"https:\\\/\\\/dirwabaum.de\\\/wordpress\\\/wp-content\\\/uploads\\\/2024\\\/04\\\/ruppendorf-2.jpg\",\"width\":919,\"height\":1000},{\"@type\":\"BreadcrumbList\",\"@id\":\"https:\\\/\\\/dirwabaum.de\\\/wordpress\\\/suehnekreuze\\\/ruppendorf\\\/#breadcrumb\",\"itemListElement\":[{\"@type\":\"ListItem\",\"position\":1,\"name\":\"Home\",\"item\":\"https:\\\/\\\/dirwabaum.de\\\/wordpress\\\/\"},{\"@type\":\"ListItem\",\"position\":2,\"name\":\"#s\u00fchnekreuze\",\"item\":\"https:\\\/\\\/dirwabaum.de\\\/wordpress\\\/suehnekreuze\\\/\"},{\"@type\":\"ListItem\",\"position\":3,\"name\":\"Ruppendorf\"}]},{\"@type\":\"WebSite\",\"@id\":\"https:\\\/\\\/dirwabaum.de\\\/wordpress\\\/#website\",\"url\":\"https:\\\/\\\/dirwabaum.de\\\/wordpress\\\/\",\"name\":\"DerBaum\",\"description\":\"...schreibt oder auch nicht\",\"publisher\":{\"@id\":\"https:\\\/\\\/dirwabaum.de\\\/wordpress\\\/#\\\/schema\\\/person\\\/3431c8e9678d7bd4ccd94b76cf14e59f\"},\"potentialAction\":[{\"@type\":\"SearchAction\",\"target\":{\"@type\":\"EntryPoint\",\"urlTemplate\":\"https:\\\/\\\/dirwabaum.de\\\/wordpress\\\/?s={search_term_string}\"},\"query-input\":{\"@type\":\"PropertyValueSpecification\",\"valueRequired\":true,\"valueName\":\"search_term_string\"}}],\"inLanguage\":\"de\"},{\"@type\":[\"Person\",\"Organization\"],\"@id\":\"https:\\\/\\\/dirwabaum.de\\\/wordpress\\\/#\\\/schema\\\/person\\\/3431c8e9678d7bd4ccd94b76cf14e59f\",\"name\":\"der chef\",\"image\":{\"@type\":\"ImageObject\",\"inLanguage\":\"de\",\"@id\":\"https:\\\/\\\/i2.wp.com\\\/dirwabaum.de\\\/wordpress\\\/wp-content\\\/uploads\\\/2020\\\/11\\\/Foto-02.10.11-08-54-32.jpg?fit=1936%2C1936&ssl=1\",\"url\":\"https:\\\/\\\/i2.wp.com\\\/dirwabaum.de\\\/wordpress\\\/wp-content\\\/uploads\\\/2020\\\/11\\\/Foto-02.10.11-08-54-32.jpg?fit=1936%2C1936&ssl=1\",\"contentUrl\":\"https:\\\/\\\/i2.wp.com\\\/dirwabaum.de\\\/wordpress\\\/wp-content\\\/uploads\\\/2020\\\/11\\\/Foto-02.10.11-08-54-32.jpg?fit=1936%2C1936&ssl=1\",\"width\":\"1936\",\"height\":\"1936\",\"caption\":\"der chef\"},\"logo\":{\"@id\":\"https:\\\/\\\/i2.wp.com\\\/dirwabaum.de\\\/wordpress\\\/wp-content\\\/uploads\\\/2020\\\/11\\\/Foto-02.10.11-08-54-32.jpg?fit=1936%2C1936&ssl=1\"},\"description\":\"Tue einfach so als w\u00fcsstest du was du tust!\",\"sameAs\":[\"https:\\\/\\\/x.com\\\/derbaum\"]}]}<\/script>\n<!-- \/ Yoast SEO plugin. -->","yoast_head_json":{"title":"Ruppendorf &#8211; DerBaum","robots":{"index":"index","follow":"follow","max-snippet":"max-snippet:-1","max-image-preview":"max-image-preview:large","max-video-preview":"max-video-preview:-1"},"canonical":"https:\/\/dirwabaum.de\/wordpress\/suehnekreuze\/ruppendorf\/","og_locale":"de_DE","og_type":"article","og_title":"Ruppendorf &#8211; DerBaum","og_description":"In Ruppendorf finden sich zwei Kreuze. Das erste steht nah bei der Kirche auf der Wiese direkt am H\u00f6ckenbach. Das grosse &#8218;B&#8216; auf dem Kreuz steht m\u00f6glicherweise f\u00fcr Beerwalde. Auf der R\u00fcckseite ist ein &#8218;R&#8216; eingermeisselt was wohl f\u00fcr Ruppendorf steht. (das konnte ich nicht dokumentieren, ich wollte nicht auf einer bewohnten Schafweide rumspazieren &#8212; [&hellip;]","og_url":"https:\/\/dirwabaum.de\/wordpress\/suehnekreuze\/ruppendorf\/","og_site_name":"DerBaum","article_modified_time":"2024-05-05T06:23:16+00:00","og_image":[{"width":919,"height":1000,"url":"https:\/\/dirwabaum.de\/wordpress\/wp-content\/uploads\/2024\/04\/ruppendorf-2.jpg","type":"image\/jpeg"}],"twitter_misc":{"Gesch\u00e4tzte Lesezeit":"3\u00a0Minuten"},"schema":{"@context":"https:\/\/schema.org","@graph":[{"@type":"WebPage","@id":"https:\/\/dirwabaum.de\/wordpress\/suehnekreuze\/ruppendorf\/","url":"https:\/\/dirwabaum.de\/wordpress\/suehnekreuze\/ruppendorf\/","name":"Ruppendorf &#8211; DerBaum","isPartOf":{"@id":"https:\/\/dirwabaum.de\/wordpress\/#website"},"primaryImageOfPage":{"@id":"https:\/\/dirwabaum.de\/wordpress\/suehnekreuze\/ruppendorf\/#primaryimage"},"image":{"@id":"https:\/\/dirwabaum.de\/wordpress\/suehnekreuze\/ruppendorf\/#primaryimage"},"thumbnailUrl":"https:\/\/dirwabaum.de\/wordpress\/wp-content\/uploads\/2024\/04\/ruppendorf-2.jpg","datePublished":"2019-11-11T06:55:44+00:00","dateModified":"2024-05-05T06:23:16+00:00","breadcrumb":{"@id":"https:\/\/dirwabaum.de\/wordpress\/suehnekreuze\/ruppendorf\/#breadcrumb"},"inLanguage":"de","potentialAction":[{"@type":"ReadAction","target":["https:\/\/dirwabaum.de\/wordpress\/suehnekreuze\/ruppendorf\/"]}]},{"@type":"ImageObject","inLanguage":"de","@id":"https:\/\/dirwabaum.de\/wordpress\/suehnekreuze\/ruppendorf\/#primaryimage","url":"https:\/\/dirwabaum.de\/wordpress\/wp-content\/uploads\/2024\/04\/ruppendorf-2.jpg","contentUrl":"https:\/\/dirwabaum.de\/wordpress\/wp-content\/uploads\/2024\/04\/ruppendorf-2.jpg","width":919,"height":1000},{"@type":"BreadcrumbList","@id":"https:\/\/dirwabaum.de\/wordpress\/suehnekreuze\/ruppendorf\/#breadcrumb","itemListElement":[{"@type":"ListItem","position":1,"name":"Home","item":"https:\/\/dirwabaum.de\/wordpress\/"},{"@type":"ListItem","position":2,"name":"#s\u00fchnekreuze","item":"https:\/\/dirwabaum.de\/wordpress\/suehnekreuze\/"},{"@type":"ListItem","position":3,"name":"Ruppendorf"}]},{"@type":"WebSite","@id":"https:\/\/dirwabaum.de\/wordpress\/#website","url":"https:\/\/dirwabaum.de\/wordpress\/","name":"DerBaum","description":"...schreibt oder auch nicht","publisher":{"@id":"https:\/\/dirwabaum.de\/wordpress\/#\/schema\/person\/3431c8e9678d7bd4ccd94b76cf14e59f"},"potentialAction":[{"@type":"SearchAction","target":{"@type":"EntryPoint","urlTemplate":"https:\/\/dirwabaum.de\/wordpress\/?s={search_term_string}"},"query-input":{"@type":"PropertyValueSpecification","valueRequired":true,"valueName":"search_term_string"}}],"inLanguage":"de"},{"@type":["Person","Organization"],"@id":"https:\/\/dirwabaum.de\/wordpress\/#\/schema\/person\/3431c8e9678d7bd4ccd94b76cf14e59f","name":"der chef","image":{"@type":"ImageObject","inLanguage":"de","@id":"https:\/\/i2.wp.com\/dirwabaum.de\/wordpress\/wp-content\/uploads\/2020\/11\/Foto-02.10.11-08-54-32.jpg?fit=1936%2C1936&ssl=1","url":"https:\/\/i2.wp.com\/dirwabaum.de\/wordpress\/wp-content\/uploads\/2020\/11\/Foto-02.10.11-08-54-32.jpg?fit=1936%2C1936&ssl=1","contentUrl":"https:\/\/i2.wp.com\/dirwabaum.de\/wordpress\/wp-content\/uploads\/2020\/11\/Foto-02.10.11-08-54-32.jpg?fit=1936%2C1936&ssl=1","width":"1936","height":"1936","caption":"der chef"},"logo":{"@id":"https:\/\/i2.wp.com\/dirwabaum.de\/wordpress\/wp-content\/uploads\/2020\/11\/Foto-02.10.11-08-54-32.jpg?fit=1936%2C1936&ssl=1"},"description":"Tue einfach so als w\u00fcsstest du was du tust!","sameAs":["https:\/\/x.com\/derbaum"]}]}},"jetpack_shortlink":"https:\/\/wp.me\/PIjRS-5MJ","jetpack_sharing_enabled":true,"_links":{"self":[{"href":"https:\/\/dirwabaum.de\/wordpress\/wp-json\/wp\/v2\/pages\/22241","targetHints":{"allow":["GET"]}}],"collection":[{"href":"https:\/\/dirwabaum.de\/wordpress\/wp-json\/wp\/v2\/pages"}],"about":[{"href":"https:\/\/dirwabaum.de\/wordpress\/wp-json\/wp\/v2\/types\/page"}],"author":[{"embeddable":true,"href":"https:\/\/dirwabaum.de\/wordpress\/wp-json\/wp\/v2\/users\/3"}],"replies":[{"embeddable":true,"href":"https:\/\/dirwabaum.de\/wordpress\/wp-json\/wp\/v2\/comments?post=22241"}],"version-history":[{"count":11,"href":"https:\/\/dirwabaum.de\/wordpress\/wp-json\/wp\/v2\/pages\/22241\/revisions"}],"predecessor-version":[{"id":37703,"href":"https:\/\/dirwabaum.de\/wordpress\/wp-json\/wp\/v2\/pages\/22241\/revisions\/37703"}],"up":[{"embeddable":true,"href":"https:\/\/dirwabaum.de\/wordpress\/wp-json\/wp\/v2\/pages\/21969"}],"wp:featuredmedia":[{"embeddable":true,"href":"https:\/\/dirwabaum.de\/wordpress\/wp-json\/wp\/v2\/media\/37699"}],"wp:attachment":[{"href":"https:\/\/dirwabaum.de\/wordpress\/wp-json\/wp\/v2\/media?parent=22241"}],"curies":[{"name":"wp","href":"https:\/\/api.w.org\/{rel}","templated":true}]}}