{"id":23029,"date":"2020-02-07T06:26:59","date_gmt":"2020-02-07T05:26:59","guid":{"rendered":"https:\/\/dirwabaum.de\/wordpress\/?page_id=23029"},"modified":"2024-06-23T06:17:10","modified_gmt":"2024-06-23T04:17:10","slug":"oberau","status":"publish","type":"page","link":"https:\/\/dirwabaum.de\/wordpress\/suehnekreuze\/oberau\/","title":{"rendered":"Oberau"},"content":{"rendered":"<div class=\"wp-block-image\"><div class='__iawmlf-post-loop-links' style='display:none;' data-iawmlf-post-links='[{&quot;id&quot;:1062,&quot;href&quot;:&quot;https:\\\/\\\/goo.gl\\\/maps\\\/Zga8SbT6UwdPB8Aq9&quot;,&quot;archived_href&quot;:&quot;&quot;,&quot;redirect_href&quot;:&quot;https:\\\/\\\/www.google.de\\\/maps\\\/place\\\/Steinkreuz+Oberau\\\/@51.1894145,13.5625218,684m\\\/data=!3m1!1e3!4m5!3m4!1s0x4709d562659f81f5:0xe2febe7956056a97!8m2!3d51.1885168!4d13.5613953!5m1!1e1?shorturl=1&quot;,&quot;checks&quot;:[],&quot;broken&quot;:false,&quot;last_checked&quot;:null,&quot;process&quot;:&quot;done&quot;},{&quot;id&quot;:1063,&quot;href&quot;:&quot;http:\\\/\\\/www.suehnekreuz.de\\\/VA\\\/naepfchen.html&quot;,&quot;archived_href&quot;:&quot;http:\\\/\\\/web-wp.archive.org\\\/web\\\/20250709065317\\\/https:\\\/\\\/suehnekreuz.de\\\/VA\\\/naepfchen.html&quot;,&quot;redirect_href&quot;:&quot;&quot;,&quot;checks&quot;:[{&quot;date&quot;:&quot;2026-02-09 16:09:30&quot;,&quot;http_code&quot;:206},{&quot;date&quot;:&quot;2026-04-07 17:25:34&quot;,&quot;http_code&quot;:206},{&quot;date&quot;:&quot;2026-04-19 16:27:50&quot;,&quot;http_code&quot;:206}],&quot;broken&quot;:false,&quot;last_checked&quot;:{&quot;date&quot;:&quot;2026-04-19 16:27:50&quot;,&quot;http_code&quot;:206},&quot;process&quot;:&quot;done&quot;},{&quot;id&quot;:468,&quot;href&quot;:&quot;https:\\\/\\\/wp.me\\\/PIjRS-5Il&quot;,&quot;archived_href&quot;:&quot;&quot;,&quot;redirect_href&quot;:&quot;&quot;,&quot;checks&quot;:[],&quot;broken&quot;:false,&quot;last_checked&quot;:null,&quot;process&quot;:&quot;done&quot;}]'><\/div>\n<figure class=\"aligncenter\"><a href=\"https:\/\/dirwabaum.de\/wordpress\/wp-content\/uploads\/2020\/02\/oberau-IV.jpg\"><img loading=\"lazy\" decoding=\"async\" width=\"800\" height=\"835\" data-attachment-id=\"23039\" data-permalink=\"https:\/\/dirwabaum.de\/wordpress\/suehnekreuze\/oberau\/oberau-iv\/\" data-orig-file=\"https:\/\/dirwabaum.de\/wordpress\/wp-content\/uploads\/2020\/02\/oberau-IV.jpg\" data-orig-size=\"800,835\" data-comments-opened=\"1\" data-image-meta=\"{&quot;aperture&quot;:&quot;1.8&quot;,&quot;credit&quot;:&quot;&quot;,&quot;camera&quot;:&quot;iPhone XR&quot;,&quot;caption&quot;:&quot;&quot;,&quot;created_timestamp&quot;:&quot;1579177067&quot;,&quot;copyright&quot;:&quot;\\u00a9 derbaum&quot;,&quot;focal_length&quot;:&quot;4.25&quot;,&quot;iso&quot;:&quot;25&quot;,&quot;shutter_speed&quot;:&quot;0.000625&quot;,&quot;title&quot;:&quot;&quot;,&quot;orientation&quot;:&quot;1&quot;}\" data-image-title=\"oberau IV\" data-image-description=\"\" data-image-caption=\"\" data-large-file=\"https:\/\/dirwabaum.de\/wordpress\/wp-content\/uploads\/2020\/02\/oberau-IV.jpg\" src=\"https:\/\/dirwabaum.de\/wordpress\/wp-content\/uploads\/2020\/02\/oberau-IV.jpg\" alt=\"\" class=\"wp-image-23039\" srcset=\"https:\/\/dirwabaum.de\/wordpress\/wp-content\/uploads\/2020\/02\/oberau-IV.jpg 800w, https:\/\/dirwabaum.de\/wordpress\/wp-content\/uploads\/2020\/02\/oberau-IV-287x300.jpg 287w, https:\/\/dirwabaum.de\/wordpress\/wp-content\/uploads\/2020\/02\/oberau-IV-144x150.jpg 144w, https:\/\/dirwabaum.de\/wordpress\/wp-content\/uploads\/2020\/02\/oberau-IV-768x802.jpg 768w\" sizes=\"auto, (max-width: 800px) 100vw, 800px\" \/><\/a><\/figure>\n<\/div>\n\n\n<p class=\"has-text-align-center wp-block-paragraph\"><br>Das <a href=\"https:\/\/goo.gl\/maps\/Zga8SbT6UwdPB8Aq9\" target=\"_blank\" rel=\"noopener noreferrer\">Steinkreuz zu Oberau<\/a> (bei Meissen) liegt ziemlich genau in der Mitte zwischen den Bahnstrecken Dresden-Berlin und Dresden-Leipzig. Es wird in der Gegend auch Kreuzstein oder &#8218;Krautsteen&#8216; genannt. Sein urspr\u00fcnglicher Standort war urspr\u00fcnglich 100m weiter im Osten, 1922 wurde es aus Sicherheitsgr\u00fcnden an den jetzigen Sandort versetzt.<br><br><\/p>\n\n\n<div class=\"wp-block-image\">\n<figure class=\"aligncenter\"><a href=\"https:\/\/dirwabaum.de\/wordpress\/wp-content\/uploads\/2020\/02\/oberau-II.jpg\"><img loading=\"lazy\" decoding=\"async\" width=\"800\" height=\"1055\" data-attachment-id=\"23037\" data-permalink=\"https:\/\/dirwabaum.de\/wordpress\/suehnekreuze\/oberau\/oberau-ii\/\" data-orig-file=\"https:\/\/dirwabaum.de\/wordpress\/wp-content\/uploads\/2020\/02\/oberau-II.jpg\" data-orig-size=\"800,1055\" data-comments-opened=\"1\" data-image-meta=\"{&quot;aperture&quot;:&quot;1.8&quot;,&quot;credit&quot;:&quot;&quot;,&quot;camera&quot;:&quot;iPhone XR&quot;,&quot;caption&quot;:&quot;&quot;,&quot;created_timestamp&quot;:&quot;1579176940&quot;,&quot;copyright&quot;:&quot;\\u00a9 derbaum&quot;,&quot;focal_length&quot;:&quot;4.25&quot;,&quot;iso&quot;:&quot;25&quot;,&quot;shutter_speed&quot;:&quot;0.001&quot;,&quot;title&quot;:&quot;&quot;,&quot;orientation&quot;:&quot;1&quot;}\" data-image-title=\"oberau II\" data-image-description=\"\" data-image-caption=\"\" data-large-file=\"https:\/\/dirwabaum.de\/wordpress\/wp-content\/uploads\/2020\/02\/oberau-II-776x1024.jpg\" src=\"https:\/\/dirwabaum.de\/wordpress\/wp-content\/uploads\/2020\/02\/oberau-II.jpg\" alt=\"\" class=\"wp-image-23037\" srcset=\"https:\/\/dirwabaum.de\/wordpress\/wp-content\/uploads\/2020\/02\/oberau-II.jpg 800w, https:\/\/dirwabaum.de\/wordpress\/wp-content\/uploads\/2020\/02\/oberau-II-227x300.jpg 227w, https:\/\/dirwabaum.de\/wordpress\/wp-content\/uploads\/2020\/02\/oberau-II-776x1024.jpg 776w, https:\/\/dirwabaum.de\/wordpress\/wp-content\/uploads\/2020\/02\/oberau-II-114x150.jpg 114w, https:\/\/dirwabaum.de\/wordpress\/wp-content\/uploads\/2020\/02\/oberau-II-768x1013.jpg 768w\" sizes=\"auto, (max-width: 800px) 100vw, 800px\" \/><\/a><\/figure>\n<\/div>\n\n\n<p class=\"has-text-align-center wp-block-paragraph\"><br>Als Besonderheit kann hier gelten das die Kreuzform nicht vollst\u00e4ndig ausgearbeitet wurde sondern nur eingemei\u00dfelt ist.<br><\/p>\n\n\n<div class=\"wp-block-image\">\n<figure class=\"aligncenter\"><a href=\"https:\/\/dirwabaum.de\/wordpress\/wp-content\/uploads\/2020\/02\/oberau-I.jpg\"><img loading=\"lazy\" decoding=\"async\" width=\"1000\" height=\"1119\" data-attachment-id=\"23031\" data-permalink=\"https:\/\/dirwabaum.de\/wordpress\/suehnekreuze\/oberau\/oberau-i\/\" data-orig-file=\"https:\/\/dirwabaum.de\/wordpress\/wp-content\/uploads\/2020\/02\/oberau-I.jpg\" data-orig-size=\"1000,1119\" data-comments-opened=\"1\" data-image-meta=\"{&quot;aperture&quot;:&quot;1.8&quot;,&quot;credit&quot;:&quot;&quot;,&quot;camera&quot;:&quot;iPhone XR&quot;,&quot;caption&quot;:&quot;&quot;,&quot;created_timestamp&quot;:&quot;1579176949&quot;,&quot;copyright&quot;:&quot;\\u00a9 derbaum&quot;,&quot;focal_length&quot;:&quot;4.25&quot;,&quot;iso&quot;:&quot;25&quot;,&quot;shutter_speed&quot;:&quot;0.0016393442622951&quot;,&quot;title&quot;:&quot;&quot;,&quot;orientation&quot;:&quot;1&quot;}\" data-image-title=\"oberau I\" data-image-description=\"\" data-image-caption=\"\" data-large-file=\"https:\/\/dirwabaum.de\/wordpress\/wp-content\/uploads\/2020\/02\/oberau-I-915x1024.jpg\" src=\"https:\/\/dirwabaum.de\/wordpress\/wp-content\/uploads\/2020\/02\/oberau-I.jpg\" alt=\"\" class=\"wp-image-23031\" srcset=\"https:\/\/dirwabaum.de\/wordpress\/wp-content\/uploads\/2020\/02\/oberau-I.jpg 1000w, https:\/\/dirwabaum.de\/wordpress\/wp-content\/uploads\/2020\/02\/oberau-I-268x300.jpg 268w, https:\/\/dirwabaum.de\/wordpress\/wp-content\/uploads\/2020\/02\/oberau-I-915x1024.jpg 915w, https:\/\/dirwabaum.de\/wordpress\/wp-content\/uploads\/2020\/02\/oberau-I-134x150.jpg 134w, https:\/\/dirwabaum.de\/wordpress\/wp-content\/uploads\/2020\/02\/oberau-I-768x859.jpg 768w\" sizes=\"auto, (max-width: 1000px) 100vw, 1000px\" \/><\/a><\/figure>\n<\/div>\n\n\n<p class=\"has-text-align-center wp-block-paragraph\"><br>Ausserdem findet man an der Oberseite zwei <a href=\"http:\/\/www.suehnekreuz.de\/VA\/naepfchen.html\" target=\"_blank\" rel=\"noopener noreferrer\">N\u00e4pfchen<\/a> bei denen nicht gekl\u00e4rt ist ob sie nat\u00fcrlichen Ursprunges sind oder nicht.<br><\/p>\n\n\n<div class=\"wp-block-image\">\n<figure class=\"aligncenter\"><a href=\"https:\/\/dirwabaum.de\/wordpress\/wp-content\/uploads\/2020\/02\/oberau-III.jpg\"><img loading=\"lazy\" decoding=\"async\" width=\"800\" height=\"949\" data-attachment-id=\"23038\" data-permalink=\"https:\/\/dirwabaum.de\/wordpress\/suehnekreuze\/oberau\/oberau-iii\/\" data-orig-file=\"https:\/\/dirwabaum.de\/wordpress\/wp-content\/uploads\/2020\/02\/oberau-III.jpg\" data-orig-size=\"800,949\" data-comments-opened=\"1\" data-image-meta=\"{&quot;aperture&quot;:&quot;1.8&quot;,&quot;credit&quot;:&quot;&quot;,&quot;camera&quot;:&quot;iPhone XR&quot;,&quot;caption&quot;:&quot;&quot;,&quot;created_timestamp&quot;:&quot;1579176953&quot;,&quot;copyright&quot;:&quot;\\u00a9 derbaum&quot;,&quot;focal_length&quot;:&quot;4.25&quot;,&quot;iso&quot;:&quot;25&quot;,&quot;shutter_speed&quot;:&quot;0.0016949152542373&quot;,&quot;title&quot;:&quot;&quot;,&quot;orientation&quot;:&quot;1&quot;}\" data-image-title=\"oberau III\" data-image-description=\"\" data-image-caption=\"\" data-large-file=\"https:\/\/dirwabaum.de\/wordpress\/wp-content\/uploads\/2020\/02\/oberau-III.jpg\" src=\"https:\/\/dirwabaum.de\/wordpress\/wp-content\/uploads\/2020\/02\/oberau-III.jpg\" alt=\"\" class=\"wp-image-23038\" srcset=\"https:\/\/dirwabaum.de\/wordpress\/wp-content\/uploads\/2020\/02\/oberau-III.jpg 800w, https:\/\/dirwabaum.de\/wordpress\/wp-content\/uploads\/2020\/02\/oberau-III-253x300.jpg 253w, https:\/\/dirwabaum.de\/wordpress\/wp-content\/uploads\/2020\/02\/oberau-III-126x150.jpg 126w, https:\/\/dirwabaum.de\/wordpress\/wp-content\/uploads\/2020\/02\/oberau-III-768x911.jpg 768w\" sizes=\"auto, (max-width: 800px) 100vw, 800px\" \/><\/a><\/figure>\n<\/div>\n\n\n<p class=\"has-text-align-center wp-block-paragraph\"><br>Zum ursprung gibt es zwei Sagen:<br><br><em>Zum einen<\/em> wird es als Schwedenstein bezeichnet &#8211; was bedeuten w\u00fcrde das hier mindestens ein schwedischer Soldat um leben kam<\/p>\n\n\n\n<p class=\"has-text-align-center wp-block-paragraph\"><em>Zum anderen<\/em> k\u00f6nnte es ein Soldatengrab vin 1813 oder 1866 sein.<br><\/p>\n\n\n\n<p class=\"has-text-align-center wp-block-paragraph\">als abschluss m\u00f6chte ich noch das bild von herrn kuhfahl aus dem jahre 1927 anf\u00fcgen (eines der wenigen farbfotos die es damals schon gab!)<br><br><\/p>\n\n\n<div class=\"wp-block-image\">\n<figure class=\"aligncenter\"><a href=\"https:\/\/dirwabaum.de\/wordpress\/wp-content\/uploads\/2020\/02\/oberau-1927.jpg\"><img loading=\"lazy\" decoding=\"async\" width=\"800\" height=\"987\" data-attachment-id=\"23036\" data-permalink=\"https:\/\/dirwabaum.de\/wordpress\/suehnekreuze\/oberau\/oberau-1927\/\" data-orig-file=\"https:\/\/dirwabaum.de\/wordpress\/wp-content\/uploads\/2020\/02\/oberau-1927.jpg\" data-orig-size=\"800,987\" data-comments-opened=\"1\" data-image-meta=\"{&quot;aperture&quot;:&quot;0&quot;,&quot;credit&quot;:&quot;&quot;,&quot;camera&quot;:&quot;&quot;,&quot;caption&quot;:&quot;&quot;,&quot;created_timestamp&quot;:&quot;1580986871&quot;,&quot;copyright&quot;:&quot;\\u00a9 derbaum&quot;,&quot;focal_length&quot;:&quot;0&quot;,&quot;iso&quot;:&quot;0&quot;,&quot;shutter_speed&quot;:&quot;0&quot;,&quot;title&quot;:&quot;&quot;,&quot;orientation&quot;:&quot;1&quot;}\" data-image-title=\"oberau 1927\" data-image-description=\"\" data-image-caption=\"\" data-large-file=\"https:\/\/dirwabaum.de\/wordpress\/wp-content\/uploads\/2020\/02\/oberau-1927.jpg\" src=\"https:\/\/dirwabaum.de\/wordpress\/wp-content\/uploads\/2020\/02\/oberau-1927.jpg\" alt=\"\" class=\"wp-image-23036\" srcset=\"https:\/\/dirwabaum.de\/wordpress\/wp-content\/uploads\/2020\/02\/oberau-1927.jpg 800w, https:\/\/dirwabaum.de\/wordpress\/wp-content\/uploads\/2020\/02\/oberau-1927-243x300.jpg 243w, https:\/\/dirwabaum.de\/wordpress\/wp-content\/uploads\/2020\/02\/oberau-1927-122x150.jpg 122w, https:\/\/dirwabaum.de\/wordpress\/wp-content\/uploads\/2020\/02\/oberau-1927-768x948.jpg 768w\" sizes=\"auto, (max-width: 800px) 100vw, 800px\" \/><\/a><\/figure>\n<\/div>\n\n\n<p class=\"has-text-align-center wp-block-paragraph\"><br>und auf das im Ort erhaltene <a href=\"https:\/\/dirwabaum.de\/wordpress\/2019\/06\/29\/schloessersafari-6\/\" target=\"_blank\" rel=\"noopener noreferrer\">Wasserschloss<\/a> und die sehr interessante <a href=\"https:\/\/dirwabaum.de\/wordpress\/2019\/06\/30\/sonntags-104\/\" target=\"_blank\" rel=\"noopener noreferrer\">Dorfkirche<\/a> verweisen!<\/p>\n\n\n\n<p class=\"has-text-align-right wp-block-paragraph\"><a href=\"https:\/\/wp.me\/PIjRS-5Il\">zur\u00fcck<\/a><\/p>\n\n\n\n<center>***<\/center>\n","protected":false},"excerpt":{"rendered":"<p>Das Steinkreuz zu Oberau (bei Meissen) liegt ziemlich genau in der Mitte zwischen den Bahnstrecken Dresden-Berlin und Dresden-Leipzig. Es wird in der Gegend auch Kreuzstein oder &#8218;Krautsteen&#8216; genannt. Sein urspr\u00fcnglicher Standort war urspr\u00fcnglich 100m weiter im Osten, 1922 wurde es aus Sicherheitsgr\u00fcnden an den jetzigen Sandort versetzt. Als Besonderheit kann hier gelten das die Kreuzform [&hellip;]<\/p>\n","protected":false},"author":3,"featured_media":23031,"parent":21969,"menu_order":57000,"comment_status":"closed","ping_status":"closed","template":"floating-right-sidebar.php","meta":{"_crdt_document":"","jetpack_post_was_ever_published":false,"activitypub_content_warning":"","activitypub_content_visibility":"","activitypub_max_image_attachments":3,"activitypub_interaction_policy_quote":"anyone","activitypub_status":"federate","footnotes":""},"class_list":["post-23029","page","type-page","status-publish","has-post-thumbnail","hentry"],"yoast_head":"<!-- This site is optimized with the Yoast SEO plugin v27.4 - https:\/\/yoast.com\/product\/yoast-seo-wordpress\/ -->\n<title>Oberau &#8211; DerBaum<\/title>\n<meta name=\"robots\" content=\"index, follow, max-snippet:-1, max-image-preview:large, max-video-preview:-1\" \/>\n<link rel=\"canonical\" href=\"https:\/\/dirwabaum.de\/wordpress\/suehnekreuze\/oberau\/\" \/>\n<meta property=\"og:locale\" content=\"de_DE\" \/>\n<meta property=\"og:type\" content=\"article\" \/>\n<meta property=\"og:title\" content=\"Oberau &#8211; DerBaum\" \/>\n<meta property=\"og:description\" content=\"Das Steinkreuz zu Oberau (bei Meissen) liegt ziemlich genau in der Mitte zwischen den Bahnstrecken Dresden-Berlin und Dresden-Leipzig. Es wird in der Gegend auch Kreuzstein oder &#8218;Krautsteen&#8216; genannt. Sein urspr\u00fcnglicher Standort war urspr\u00fcnglich 100m weiter im Osten, 1922 wurde es aus Sicherheitsgr\u00fcnden an den jetzigen Sandort versetzt. Als Besonderheit kann hier gelten das die Kreuzform [&hellip;]\" \/>\n<meta property=\"og:url\" content=\"https:\/\/dirwabaum.de\/wordpress\/suehnekreuze\/oberau\/\" \/>\n<meta property=\"og:site_name\" content=\"DerBaum\" \/>\n<meta property=\"article:modified_time\" content=\"2024-06-23T04:17:10+00:00\" \/>\n<meta property=\"og:image\" content=\"https:\/\/dirwabaum.de\/wordpress\/wp-content\/uploads\/2020\/02\/oberau-I.jpg\" \/>\n\t<meta property=\"og:image:width\" content=\"1000\" \/>\n\t<meta property=\"og:image:height\" content=\"1119\" \/>\n\t<meta property=\"og:image:type\" content=\"image\/jpeg\" \/>\n<meta name=\"twitter:label1\" content=\"Gesch\u00e4tzte Lesezeit\" \/>\n\t<meta name=\"twitter:data1\" content=\"3\u00a0Minuten\" \/>\n<script type=\"application\/ld+json\" class=\"yoast-schema-graph\">{\"@context\":\"https:\\\/\\\/schema.org\",\"@graph\":[{\"@type\":\"WebPage\",\"@id\":\"https:\\\/\\\/dirwabaum.de\\\/wordpress\\\/suehnekreuze\\\/oberau\\\/\",\"url\":\"https:\\\/\\\/dirwabaum.de\\\/wordpress\\\/suehnekreuze\\\/oberau\\\/\",\"name\":\"Oberau &#8211; DerBaum\",\"isPartOf\":{\"@id\":\"https:\\\/\\\/dirwabaum.de\\\/wordpress\\\/#website\"},\"primaryImageOfPage\":{\"@id\":\"https:\\\/\\\/dirwabaum.de\\\/wordpress\\\/suehnekreuze\\\/oberau\\\/#primaryimage\"},\"image\":{\"@id\":\"https:\\\/\\\/dirwabaum.de\\\/wordpress\\\/suehnekreuze\\\/oberau\\\/#primaryimage\"},\"thumbnailUrl\":\"https:\\\/\\\/dirwabaum.de\\\/wordpress\\\/wp-content\\\/uploads\\\/2020\\\/02\\\/oberau-I.jpg\",\"datePublished\":\"2020-02-07T05:26:59+00:00\",\"dateModified\":\"2024-06-23T04:17:10+00:00\",\"breadcrumb\":{\"@id\":\"https:\\\/\\\/dirwabaum.de\\\/wordpress\\\/suehnekreuze\\\/oberau\\\/#breadcrumb\"},\"inLanguage\":\"de\",\"potentialAction\":[{\"@type\":\"ReadAction\",\"target\":[\"https:\\\/\\\/dirwabaum.de\\\/wordpress\\\/suehnekreuze\\\/oberau\\\/\"]}]},{\"@type\":\"ImageObject\",\"inLanguage\":\"de\",\"@id\":\"https:\\\/\\\/dirwabaum.de\\\/wordpress\\\/suehnekreuze\\\/oberau\\\/#primaryimage\",\"url\":\"https:\\\/\\\/dirwabaum.de\\\/wordpress\\\/wp-content\\\/uploads\\\/2020\\\/02\\\/oberau-I.jpg\",\"contentUrl\":\"https:\\\/\\\/dirwabaum.de\\\/wordpress\\\/wp-content\\\/uploads\\\/2020\\\/02\\\/oberau-I.jpg\",\"width\":1000,\"height\":1119},{\"@type\":\"BreadcrumbList\",\"@id\":\"https:\\\/\\\/dirwabaum.de\\\/wordpress\\\/suehnekreuze\\\/oberau\\\/#breadcrumb\",\"itemListElement\":[{\"@type\":\"ListItem\",\"position\":1,\"name\":\"Home\",\"item\":\"https:\\\/\\\/dirwabaum.de\\\/wordpress\\\/\"},{\"@type\":\"ListItem\",\"position\":2,\"name\":\"#s\u00fchnekreuze\",\"item\":\"https:\\\/\\\/dirwabaum.de\\\/wordpress\\\/suehnekreuze\\\/\"},{\"@type\":\"ListItem\",\"position\":3,\"name\":\"Oberau\"}]},{\"@type\":\"WebSite\",\"@id\":\"https:\\\/\\\/dirwabaum.de\\\/wordpress\\\/#website\",\"url\":\"https:\\\/\\\/dirwabaum.de\\\/wordpress\\\/\",\"name\":\"DerBaum\",\"description\":\"...schreibt oder auch nicht\",\"publisher\":{\"@id\":\"https:\\\/\\\/dirwabaum.de\\\/wordpress\\\/#\\\/schema\\\/person\\\/3431c8e9678d7bd4ccd94b76cf14e59f\"},\"potentialAction\":[{\"@type\":\"SearchAction\",\"target\":{\"@type\":\"EntryPoint\",\"urlTemplate\":\"https:\\\/\\\/dirwabaum.de\\\/wordpress\\\/?s={search_term_string}\"},\"query-input\":{\"@type\":\"PropertyValueSpecification\",\"valueRequired\":true,\"valueName\":\"search_term_string\"}}],\"inLanguage\":\"de\"},{\"@type\":[\"Person\",\"Organization\"],\"@id\":\"https:\\\/\\\/dirwabaum.de\\\/wordpress\\\/#\\\/schema\\\/person\\\/3431c8e9678d7bd4ccd94b76cf14e59f\",\"name\":\"der chef\",\"image\":{\"@type\":\"ImageObject\",\"inLanguage\":\"de\",\"@id\":\"https:\\\/\\\/i2.wp.com\\\/dirwabaum.de\\\/wordpress\\\/wp-content\\\/uploads\\\/2020\\\/11\\\/Foto-02.10.11-08-54-32.jpg?fit=1936%2C1936&ssl=1\",\"url\":\"https:\\\/\\\/i2.wp.com\\\/dirwabaum.de\\\/wordpress\\\/wp-content\\\/uploads\\\/2020\\\/11\\\/Foto-02.10.11-08-54-32.jpg?fit=1936%2C1936&ssl=1\",\"contentUrl\":\"https:\\\/\\\/i2.wp.com\\\/dirwabaum.de\\\/wordpress\\\/wp-content\\\/uploads\\\/2020\\\/11\\\/Foto-02.10.11-08-54-32.jpg?fit=1936%2C1936&ssl=1\",\"width\":\"1936\",\"height\":\"1936\",\"caption\":\"der chef\"},\"logo\":{\"@id\":\"https:\\\/\\\/i2.wp.com\\\/dirwabaum.de\\\/wordpress\\\/wp-content\\\/uploads\\\/2020\\\/11\\\/Foto-02.10.11-08-54-32.jpg?fit=1936%2C1936&ssl=1\"},\"description\":\"Tue einfach so als w\u00fcsstest du was du tust!\",\"sameAs\":[\"https:\\\/\\\/x.com\\\/derbaum\"]}]}<\/script>\n<!-- \/ Yoast SEO plugin. -->","yoast_head_json":{"title":"Oberau &#8211; DerBaum","robots":{"index":"index","follow":"follow","max-snippet":"max-snippet:-1","max-image-preview":"max-image-preview:large","max-video-preview":"max-video-preview:-1"},"canonical":"https:\/\/dirwabaum.de\/wordpress\/suehnekreuze\/oberau\/","og_locale":"de_DE","og_type":"article","og_title":"Oberau &#8211; DerBaum","og_description":"Das Steinkreuz zu Oberau (bei Meissen) liegt ziemlich genau in der Mitte zwischen den Bahnstrecken Dresden-Berlin und Dresden-Leipzig. Es wird in der Gegend auch Kreuzstein oder &#8218;Krautsteen&#8216; genannt. Sein urspr\u00fcnglicher Standort war urspr\u00fcnglich 100m weiter im Osten, 1922 wurde es aus Sicherheitsgr\u00fcnden an den jetzigen Sandort versetzt. Als Besonderheit kann hier gelten das die Kreuzform [&hellip;]","og_url":"https:\/\/dirwabaum.de\/wordpress\/suehnekreuze\/oberau\/","og_site_name":"DerBaum","article_modified_time":"2024-06-23T04:17:10+00:00","og_image":[{"width":1000,"height":1119,"url":"https:\/\/dirwabaum.de\/wordpress\/wp-content\/uploads\/2020\/02\/oberau-I.jpg","type":"image\/jpeg"}],"twitter_misc":{"Gesch\u00e4tzte Lesezeit":"3\u00a0Minuten"},"schema":{"@context":"https:\/\/schema.org","@graph":[{"@type":"WebPage","@id":"https:\/\/dirwabaum.de\/wordpress\/suehnekreuze\/oberau\/","url":"https:\/\/dirwabaum.de\/wordpress\/suehnekreuze\/oberau\/","name":"Oberau &#8211; DerBaum","isPartOf":{"@id":"https:\/\/dirwabaum.de\/wordpress\/#website"},"primaryImageOfPage":{"@id":"https:\/\/dirwabaum.de\/wordpress\/suehnekreuze\/oberau\/#primaryimage"},"image":{"@id":"https:\/\/dirwabaum.de\/wordpress\/suehnekreuze\/oberau\/#primaryimage"},"thumbnailUrl":"https:\/\/dirwabaum.de\/wordpress\/wp-content\/uploads\/2020\/02\/oberau-I.jpg","datePublished":"2020-02-07T05:26:59+00:00","dateModified":"2024-06-23T04:17:10+00:00","breadcrumb":{"@id":"https:\/\/dirwabaum.de\/wordpress\/suehnekreuze\/oberau\/#breadcrumb"},"inLanguage":"de","potentialAction":[{"@type":"ReadAction","target":["https:\/\/dirwabaum.de\/wordpress\/suehnekreuze\/oberau\/"]}]},{"@type":"ImageObject","inLanguage":"de","@id":"https:\/\/dirwabaum.de\/wordpress\/suehnekreuze\/oberau\/#primaryimage","url":"https:\/\/dirwabaum.de\/wordpress\/wp-content\/uploads\/2020\/02\/oberau-I.jpg","contentUrl":"https:\/\/dirwabaum.de\/wordpress\/wp-content\/uploads\/2020\/02\/oberau-I.jpg","width":1000,"height":1119},{"@type":"BreadcrumbList","@id":"https:\/\/dirwabaum.de\/wordpress\/suehnekreuze\/oberau\/#breadcrumb","itemListElement":[{"@type":"ListItem","position":1,"name":"Home","item":"https:\/\/dirwabaum.de\/wordpress\/"},{"@type":"ListItem","position":2,"name":"#s\u00fchnekreuze","item":"https:\/\/dirwabaum.de\/wordpress\/suehnekreuze\/"},{"@type":"ListItem","position":3,"name":"Oberau"}]},{"@type":"WebSite","@id":"https:\/\/dirwabaum.de\/wordpress\/#website","url":"https:\/\/dirwabaum.de\/wordpress\/","name":"DerBaum","description":"...schreibt oder auch nicht","publisher":{"@id":"https:\/\/dirwabaum.de\/wordpress\/#\/schema\/person\/3431c8e9678d7bd4ccd94b76cf14e59f"},"potentialAction":[{"@type":"SearchAction","target":{"@type":"EntryPoint","urlTemplate":"https:\/\/dirwabaum.de\/wordpress\/?s={search_term_string}"},"query-input":{"@type":"PropertyValueSpecification","valueRequired":true,"valueName":"search_term_string"}}],"inLanguage":"de"},{"@type":["Person","Organization"],"@id":"https:\/\/dirwabaum.de\/wordpress\/#\/schema\/person\/3431c8e9678d7bd4ccd94b76cf14e59f","name":"der chef","image":{"@type":"ImageObject","inLanguage":"de","@id":"https:\/\/i2.wp.com\/dirwabaum.de\/wordpress\/wp-content\/uploads\/2020\/11\/Foto-02.10.11-08-54-32.jpg?fit=1936%2C1936&ssl=1","url":"https:\/\/i2.wp.com\/dirwabaum.de\/wordpress\/wp-content\/uploads\/2020\/11\/Foto-02.10.11-08-54-32.jpg?fit=1936%2C1936&ssl=1","contentUrl":"https:\/\/i2.wp.com\/dirwabaum.de\/wordpress\/wp-content\/uploads\/2020\/11\/Foto-02.10.11-08-54-32.jpg?fit=1936%2C1936&ssl=1","width":"1936","height":"1936","caption":"der chef"},"logo":{"@id":"https:\/\/i2.wp.com\/dirwabaum.de\/wordpress\/wp-content\/uploads\/2020\/11\/Foto-02.10.11-08-54-32.jpg?fit=1936%2C1936&ssl=1"},"description":"Tue einfach so als w\u00fcsstest du was du tust!","sameAs":["https:\/\/x.com\/derbaum"]}]}},"jetpack_shortlink":"https:\/\/wp.me\/PIjRS-5Zr","jetpack_sharing_enabled":true,"_links":{"self":[{"href":"https:\/\/dirwabaum.de\/wordpress\/wp-json\/wp\/v2\/pages\/23029","targetHints":{"allow":["GET"]}}],"collection":[{"href":"https:\/\/dirwabaum.de\/wordpress\/wp-json\/wp\/v2\/pages"}],"about":[{"href":"https:\/\/dirwabaum.de\/wordpress\/wp-json\/wp\/v2\/types\/page"}],"author":[{"embeddable":true,"href":"https:\/\/dirwabaum.de\/wordpress\/wp-json\/wp\/v2\/users\/3"}],"replies":[{"embeddable":true,"href":"https:\/\/dirwabaum.de\/wordpress\/wp-json\/wp\/v2\/comments?post=23029"}],"version-history":[{"count":10,"href":"https:\/\/dirwabaum.de\/wordpress\/wp-json\/wp\/v2\/pages\/23029\/revisions"}],"predecessor-version":[{"id":38059,"href":"https:\/\/dirwabaum.de\/wordpress\/wp-json\/wp\/v2\/pages\/23029\/revisions\/38059"}],"up":[{"embeddable":true,"href":"https:\/\/dirwabaum.de\/wordpress\/wp-json\/wp\/v2\/pages\/21969"}],"wp:featuredmedia":[{"embeddable":true,"href":"https:\/\/dirwabaum.de\/wordpress\/wp-json\/wp\/v2\/media\/23031"}],"wp:attachment":[{"href":"https:\/\/dirwabaum.de\/wordpress\/wp-json\/wp\/v2\/media?parent=23029"}],"curies":[{"name":"wp","href":"https:\/\/api.w.org\/{rel}","templated":true}]}}