{"id":25038,"date":"2020-09-27T15:14:29","date_gmt":"2020-09-27T13:14:29","guid":{"rendered":"https:\/\/dirwabaum.de\/wordpress\/?page_id=25038"},"modified":"2023-09-30T16:09:21","modified_gmt":"2023-09-30T14:09:21","slug":"kirchen-in-oesterreich","status":"publish","type":"page","link":"https:\/\/dirwabaum.de\/wordpress\/kirchensafari\/kirchen-in-oesterreich\/","title":{"rendered":"Kirchen in \u00d6sterreich"},"content":{"rendered":"\n<p class=\"has-text-align-center wp-block-paragraph\">Gelegentlich f\u00fchrt mich mein Weg auch nach \u00d6sterreich &#8211; die von mir besuchten dortigen Kirchen werden hier erscheinen.<\/p>\n\n\n\n<p class=\"has-text-align-center wp-block-paragraph\"><span style=\"font-size: 10pt;\">(F\u00fcr mobile-Benutzer: die Tabelle l\u00e4sst sich sowohl vertikal als auch horizontal scrollen um zum jeweiligen Eintrag zu kommen!)<\/span><\/p>\n\n\n\n<center>\n<table id=\"tablepress-12\" class=\"tablepress tablepress-id-12\">\n<tbody>\n<tr class=\"row-1\">\n\t<td class=\"column-1\"><h2><center>Gaichtpass<\/center><\/h2><center><a href=\"https:\/\/dirwabaum.de\/wordpress\/kirchensafari\/kirchen-in-oesterreich\/die-wegkapelle-am-gaichtpass\/\"><img loading=\"lazy\" decoding=\"async\" src=\"https:\/\/dirwabaum.de\/wordpress\/wp-content\/uploads\/2024\/11\/wegkapelle-gaicht-213x300.jpg\" alt=\"\" width=\"213\" height=\"300\" class=\"aligncenter size-medium wp-image-38832\" srcset=\"https:\/\/dirwabaum.de\/wordpress\/wp-content\/uploads\/2024\/11\/wegkapelle-gaicht-213x300.jpg 213w, https:\/\/dirwabaum.de\/wordpress\/wp-content\/uploads\/2024\/11\/wegkapelle-gaicht-106x150.jpg 106w, https:\/\/dirwabaum.de\/wordpress\/wp-content\/uploads\/2024\/11\/wegkapelle-gaicht.jpg 709w\" sizes=\"auto, (max-width: 213px) 100vw, 213px\" \/><\/a><\/center><\/td><td class=\"column-2\"><\/td><td class=\"column-3\"><h2><center>Gaichtkapelle<\/center><\/h2><\/td>\n<\/tr>\n<tr class=\"row-2\">\n\t<td class=\"column-1\"><h2><center>Kirche Gramais<\/center><\/h2><center><a href=\"https:\/\/dirwabaum.de\/wordpress\/kirchensafari\/kirchen-in-oesterreich\/kirche-gramais\/\"><img loading=\"lazy\" decoding=\"async\" src=\"https:\/\/dirwabaum.de\/wordpress\/wp-content\/uploads\/2023\/09\/kirche-gramais-2-243x300.jpg\" alt=\"\" width=\"243\" height=\"300\" class=\"aligncenter size-medium wp-image-36504\" srcset=\"https:\/\/dirwabaum.de\/wordpress\/wp-content\/uploads\/2023\/09\/kirche-gramais-2-243x300.jpg 243w, https:\/\/dirwabaum.de\/wordpress\/wp-content\/uploads\/2023\/09\/kirche-gramais-2-121x150.jpg 121w, https:\/\/dirwabaum.de\/wordpress\/wp-content\/uploads\/2023\/09\/kirche-gramais-2-768x949.jpg 768w, https:\/\/dirwabaum.de\/wordpress\/wp-content\/uploads\/2023\/09\/kirche-gramais-2.jpg 809w\" sizes=\"auto, (max-width: 243px) 100vw, 243px\" \/><\/a><\/center><\/td><td class=\"column-2\"><\/td><td class=\"column-3\"><h2><center>Pfarrkirche Gr\u00e4n<\/center><\/h2><center><a href=\"https:\/\/wp.me\/PIjRS-6vV\"><img loading=\"lazy\" decoding=\"async\" src=\"https:\/\/dirwabaum.de\/wordpress\/wp-content\/uploads\/2020\/09\/rote-bank-I-300x228.jpg\" alt=\"\" width=\"300\" height=\"228\" class=\"aligncenter size-medium wp-image-25026\" srcset=\"https:\/\/dirwabaum.de\/wordpress\/wp-content\/uploads\/2020\/09\/rote-bank-I-300x228.jpg 300w, https:\/\/dirwabaum.de\/wordpress\/wp-content\/uploads\/2020\/09\/rote-bank-I-150x114.jpg 150w, https:\/\/dirwabaum.de\/wordpress\/wp-content\/uploads\/2020\/09\/rote-bank-I-768x583.jpg 768w, https:\/\/dirwabaum.de\/wordpress\/wp-content\/uploads\/2020\/09\/rote-bank-I.jpg 1200w\" sizes=\"auto, (max-width: 300px) 100vw, 300px\" \/><\/a><\/center><\/td>\n<\/tr>\n<tr class=\"row-3\">\n\t<td class=\"column-1\"><h2><center>Kapelle Innergeschwend<\/center><\/h2><center><a href=\"https:\/\/dirwabaum.de\/wordpress\/b\/BQG\"><img loading=\"lazy\" decoding=\"async\" src=\"https:\/\/dirwabaum.de\/wordpress\/wp-content\/uploads\/2025\/09\/HipstamaticPhoto-778415065.697111-300x300.jpeg\" alt=\"\" width=\"300\" height=\"300\" class=\"aligncenter size-medium wp-image-41050\" srcset=\"https:\/\/dirwabaum.de\/wordpress\/wp-content\/uploads\/2025\/09\/HipstamaticPhoto-778415065.697111-300x300.jpeg 300w, https:\/\/dirwabaum.de\/wordpress\/wp-content\/uploads\/2025\/09\/HipstamaticPhoto-778415065.697111-150x150.jpeg 150w, https:\/\/dirwabaum.de\/wordpress\/wp-content\/uploads\/2025\/09\/HipstamaticPhoto-778415065.697111-768x768.jpeg 768w, https:\/\/dirwabaum.de\/wordpress\/wp-content\/uploads\/2025\/09\/HipstamaticPhoto-778415065.697111.jpeg 1280w\" sizes=\"auto, (max-width: 300px) 100vw, 300px\" \/><\/a><\/center><\/td><td class=\"column-2\"><h2><center>Kapelle Mariahilf Tannheim<\/center><\/h2><center><a href=\"https:\/\/wp.me\/PIjRS-7o0\"><img loading=\"lazy\" decoding=\"async\" src=\"https:\/\/dirwabaum.de\/wordpress\/wp-content\/uploads\/2020\/09\/rote-bank-IV-300x199.jpg\" alt=\"\" width=\"300\" height=\"199\" class=\"aligncenter size-medium wp-image-25031\" srcset=\"https:\/\/dirwabaum.de\/wordpress\/wp-content\/uploads\/2020\/09\/rote-bank-IV-300x199.jpg 300w, https:\/\/dirwabaum.de\/wordpress\/wp-content\/uploads\/2020\/09\/rote-bank-IV-150x99.jpg 150w, https:\/\/dirwabaum.de\/wordpress\/wp-content\/uploads\/2020\/09\/rote-bank-IV-768x509.jpg 768w, https:\/\/dirwabaum.de\/wordpress\/wp-content\/uploads\/2020\/09\/rote-bank-IV.jpg 1200w\" sizes=\"auto, (max-width: 300px) 100vw, 300px\" \/><\/a><\/center><\/td><td class=\"column-3\"><h2><center>Pestkapelle <br \/>\nKienzen<\/center><\/h2><center><a href=\"https:\/\/dirwabaum.de\/wordpress\/kirchensafari\/kirchen-in-oesterreich\/pestkapelle-st-leonhard-in-kienzen\/\"><img loading=\"lazy\" decoding=\"async\" src=\"https:\/\/dirwabaum.de\/wordpress\/wp-content\/uploads\/2025\/09\/IMG_1840-300x225.jpeg\" alt=\"\" width=\"300\" height=\"225\" class=\"alignnone size-medium wp-image-41106\" srcset=\"https:\/\/dirwabaum.de\/wordpress\/wp-content\/uploads\/2025\/09\/IMG_1840-300x225.jpeg 300w, https:\/\/dirwabaum.de\/wordpress\/wp-content\/uploads\/2025\/09\/IMG_1840-150x113.jpeg 150w, https:\/\/dirwabaum.de\/wordpress\/wp-content\/uploads\/2025\/09\/IMG_1840-768x576.jpeg 768w, https:\/\/dirwabaum.de\/wordpress\/wp-content\/uploads\/2025\/09\/IMG_1840.jpeg 1280w\" sizes=\"auto, (max-width: 300px) 100vw, 300px\" \/><\/a><\/center><\/td>\n<\/tr>\n<tr class=\"row-4\">\n\t<td class=\"column-1\"><\/td><td class=\"column-2\"><h2><center>Wegekapelle am Obweg<\/center><\/h2><center><a href=\"https:\/\/wp.me\/PIjRS-6vY\"><img loading=\"lazy\" decoding=\"async\" src=\"https:\/\/dirwabaum.de\/wordpress\/wp-content\/uploads\/2020\/09\/kapelle-II-214x300.jpg\" alt=\"\" width=\"214\" height=\"300\" class=\"aligncenter size-medium wp-image-25019\" srcset=\"https:\/\/dirwabaum.de\/wordpress\/wp-content\/uploads\/2020\/09\/kapelle-II-214x300.jpg 214w, https:\/\/dirwabaum.de\/wordpress\/wp-content\/uploads\/2020\/09\/kapelle-II-107x150.jpg 107w, https:\/\/dirwabaum.de\/wordpress\/wp-content\/uploads\/2020\/09\/kapelle-II-768x1075.jpg 768w, https:\/\/dirwabaum.de\/wordpress\/wp-content\/uploads\/2020\/09\/kapelle-II.jpg 1000w\" sizes=\"auto, (max-width: 214px) 100vw, 214px\" \/><\/a><\/center><\/td><td class=\"column-3\"><\/td>\n<\/tr>\n<tr class=\"row-5\">\n\t<td class=\"column-1\"><\/td><td class=\"column-2\"><\/td><td class=\"column-3\"><\/td>\n<\/tr>\n<\/tbody>\n<\/table>\n<!-- #tablepress-12 from cache --><\/center>\n\n\n\n<center>~ ~ ~<\/center>\n\n\n\n<p class=\"has-text-align-right wp-block-paragraph\"><a href=\"https:\/\/dirwabaum.de\/wordpress\/kirchensafari\/\">zur\u00fcck zur startseite<\/a><\/p>\n","protected":false},"excerpt":{"rendered":"<p>Gelegentlich f\u00fchrt mich mein Weg auch nach \u00d6sterreich &#8211; die von mir besuchten dortigen Kirchen werden hier erscheinen. (F\u00fcr mobile-Benutzer: die Tabelle l\u00e4sst sich sowohl vertikal als auch horizontal scrollen um zum jeweiligen Eintrag zu kommen!) ~ ~ ~ zur\u00fcck zur startseite<\/p>\n","protected":false},"author":3,"featured_media":25031,"parent":21202,"menu_order":4200,"comment_status":"closed","ping_status":"closed","template":"floating-right-sidebar.php","meta":{"_crdt_document":"","jetpack_post_was_ever_published":false,"activitypub_content_warning":"","activitypub_content_visibility":"","activitypub_max_image_attachments":3,"activitypub_interaction_policy_quote":"anyone","activitypub_status":"","footnotes":""},"class_list":["post-25038","page","type-page","status-publish","has-post-thumbnail","hentry"],"yoast_head":"<!-- This site is optimized with the Yoast SEO plugin v27.4 - https:\/\/yoast.com\/product\/yoast-seo-wordpress\/ -->\n<title>Kirchen in \u00d6sterreich &#8211; DerBaum<\/title>\n<meta name=\"robots\" content=\"index, follow, max-snippet:-1, max-image-preview:large, max-video-preview:-1\" \/>\n<link rel=\"canonical\" href=\"https:\/\/dirwabaum.de\/wordpress\/kirchensafari\/kirchen-in-oesterreich\/\" \/>\n<meta property=\"og:locale\" content=\"de_DE\" \/>\n<meta property=\"og:type\" content=\"article\" \/>\n<meta property=\"og:title\" content=\"Kirchen in \u00d6sterreich &#8211; DerBaum\" \/>\n<meta property=\"og:description\" content=\"Gelegentlich f\u00fchrt mich mein Weg auch nach \u00d6sterreich &#8211; die von mir besuchten dortigen Kirchen werden hier erscheinen. (F\u00fcr mobile-Benutzer: die Tabelle l\u00e4sst sich sowohl vertikal als auch horizontal scrollen um zum jeweiligen Eintrag zu kommen!) ~ ~ ~ zur\u00fcck zur startseite\" \/>\n<meta property=\"og:url\" content=\"https:\/\/dirwabaum.de\/wordpress\/kirchensafari\/kirchen-in-oesterreich\/\" \/>\n<meta property=\"og:site_name\" content=\"DerBaum\" \/>\n<meta property=\"article:modified_time\" content=\"2023-09-30T14:09:21+00:00\" \/>\n<meta property=\"og:image\" content=\"https:\/\/dirwabaum.de\/wordpress\/wp-content\/uploads\/2020\/09\/rote-bank-IV.jpg\" \/>\n\t<meta property=\"og:image:width\" content=\"1200\" \/>\n\t<meta property=\"og:image:height\" content=\"795\" \/>\n\t<meta property=\"og:image:type\" content=\"image\/jpeg\" \/>\n<meta name=\"twitter:label1\" content=\"Gesch\u00e4tzte Lesezeit\" \/>\n\t<meta name=\"twitter:data1\" content=\"1\u00a0Minute\" \/>\n<script type=\"application\/ld+json\" class=\"yoast-schema-graph\">{\"@context\":\"https:\\\/\\\/schema.org\",\"@graph\":[{\"@type\":\"WebPage\",\"@id\":\"https:\\\/\\\/dirwabaum.de\\\/wordpress\\\/kirchensafari\\\/kirchen-in-oesterreich\\\/\",\"url\":\"https:\\\/\\\/dirwabaum.de\\\/wordpress\\\/kirchensafari\\\/kirchen-in-oesterreich\\\/\",\"name\":\"Kirchen in \u00d6sterreich &#8211; DerBaum\",\"isPartOf\":{\"@id\":\"https:\\\/\\\/dirwabaum.de\\\/wordpress\\\/#website\"},\"primaryImageOfPage\":{\"@id\":\"https:\\\/\\\/dirwabaum.de\\\/wordpress\\\/kirchensafari\\\/kirchen-in-oesterreich\\\/#primaryimage\"},\"image\":{\"@id\":\"https:\\\/\\\/dirwabaum.de\\\/wordpress\\\/kirchensafari\\\/kirchen-in-oesterreich\\\/#primaryimage\"},\"thumbnailUrl\":\"https:\\\/\\\/dirwabaum.de\\\/wordpress\\\/wp-content\\\/uploads\\\/2020\\\/09\\\/rote-bank-IV.jpg\",\"datePublished\":\"2020-09-27T13:14:29+00:00\",\"dateModified\":\"2023-09-30T14:09:21+00:00\",\"breadcrumb\":{\"@id\":\"https:\\\/\\\/dirwabaum.de\\\/wordpress\\\/kirchensafari\\\/kirchen-in-oesterreich\\\/#breadcrumb\"},\"inLanguage\":\"de\",\"potentialAction\":[{\"@type\":\"ReadAction\",\"target\":[\"https:\\\/\\\/dirwabaum.de\\\/wordpress\\\/kirchensafari\\\/kirchen-in-oesterreich\\\/\"]}]},{\"@type\":\"ImageObject\",\"inLanguage\":\"de\",\"@id\":\"https:\\\/\\\/dirwabaum.de\\\/wordpress\\\/kirchensafari\\\/kirchen-in-oesterreich\\\/#primaryimage\",\"url\":\"https:\\\/\\\/dirwabaum.de\\\/wordpress\\\/wp-content\\\/uploads\\\/2020\\\/09\\\/rote-bank-IV.jpg\",\"contentUrl\":\"https:\\\/\\\/dirwabaum.de\\\/wordpress\\\/wp-content\\\/uploads\\\/2020\\\/09\\\/rote-bank-IV.jpg\",\"width\":\"1200\",\"height\":\"795\"},{\"@type\":\"BreadcrumbList\",\"@id\":\"https:\\\/\\\/dirwabaum.de\\\/wordpress\\\/kirchensafari\\\/kirchen-in-oesterreich\\\/#breadcrumb\",\"itemListElement\":[{\"@type\":\"ListItem\",\"position\":1,\"name\":\"Home\",\"item\":\"https:\\\/\\\/dirwabaum.de\\\/wordpress\\\/\"},{\"@type\":\"ListItem\",\"position\":2,\"name\":\"#kirchensafari\",\"item\":\"https:\\\/\\\/dirwabaum.de\\\/wordpress\\\/kirchensafari\\\/\"},{\"@type\":\"ListItem\",\"position\":3,\"name\":\"Kirchen in \u00d6sterreich\"}]},{\"@type\":\"WebSite\",\"@id\":\"https:\\\/\\\/dirwabaum.de\\\/wordpress\\\/#website\",\"url\":\"https:\\\/\\\/dirwabaum.de\\\/wordpress\\\/\",\"name\":\"DerBaum\",\"description\":\"...schreibt oder auch nicht\",\"publisher\":{\"@id\":\"https:\\\/\\\/dirwabaum.de\\\/wordpress\\\/#\\\/schema\\\/person\\\/3431c8e9678d7bd4ccd94b76cf14e59f\"},\"potentialAction\":[{\"@type\":\"SearchAction\",\"target\":{\"@type\":\"EntryPoint\",\"urlTemplate\":\"https:\\\/\\\/dirwabaum.de\\\/wordpress\\\/?s={search_term_string}\"},\"query-input\":{\"@type\":\"PropertyValueSpecification\",\"valueRequired\":true,\"valueName\":\"search_term_string\"}}],\"inLanguage\":\"de\"},{\"@type\":[\"Person\",\"Organization\"],\"@id\":\"https:\\\/\\\/dirwabaum.de\\\/wordpress\\\/#\\\/schema\\\/person\\\/3431c8e9678d7bd4ccd94b76cf14e59f\",\"name\":\"der chef\",\"image\":{\"@type\":\"ImageObject\",\"inLanguage\":\"de\",\"@id\":\"https:\\\/\\\/i2.wp.com\\\/dirwabaum.de\\\/wordpress\\\/wp-content\\\/uploads\\\/2020\\\/11\\\/Foto-02.10.11-08-54-32.jpg?fit=1936%2C1936&ssl=1\",\"url\":\"https:\\\/\\\/i2.wp.com\\\/dirwabaum.de\\\/wordpress\\\/wp-content\\\/uploads\\\/2020\\\/11\\\/Foto-02.10.11-08-54-32.jpg?fit=1936%2C1936&ssl=1\",\"contentUrl\":\"https:\\\/\\\/i2.wp.com\\\/dirwabaum.de\\\/wordpress\\\/wp-content\\\/uploads\\\/2020\\\/11\\\/Foto-02.10.11-08-54-32.jpg?fit=1936%2C1936&ssl=1\",\"width\":\"1936\",\"height\":\"1936\",\"caption\":\"der chef\"},\"logo\":{\"@id\":\"https:\\\/\\\/i2.wp.com\\\/dirwabaum.de\\\/wordpress\\\/wp-content\\\/uploads\\\/2020\\\/11\\\/Foto-02.10.11-08-54-32.jpg?fit=1936%2C1936&ssl=1\"},\"description\":\"Tue einfach so als w\u00fcsstest du was du tust!\",\"sameAs\":[\"https:\\\/\\\/x.com\\\/derbaum\"]}]}<\/script>\n<!-- \/ Yoast SEO plugin. -->","yoast_head_json":{"title":"Kirchen in \u00d6sterreich &#8211; DerBaum","robots":{"index":"index","follow":"follow","max-snippet":"max-snippet:-1","max-image-preview":"max-image-preview:large","max-video-preview":"max-video-preview:-1"},"canonical":"https:\/\/dirwabaum.de\/wordpress\/kirchensafari\/kirchen-in-oesterreich\/","og_locale":"de_DE","og_type":"article","og_title":"Kirchen in \u00d6sterreich &#8211; DerBaum","og_description":"Gelegentlich f\u00fchrt mich mein Weg auch nach \u00d6sterreich &#8211; die von mir besuchten dortigen Kirchen werden hier erscheinen. (F\u00fcr mobile-Benutzer: die Tabelle l\u00e4sst sich sowohl vertikal als auch horizontal scrollen um zum jeweiligen Eintrag zu kommen!) ~ ~ ~ zur\u00fcck zur startseite","og_url":"https:\/\/dirwabaum.de\/wordpress\/kirchensafari\/kirchen-in-oesterreich\/","og_site_name":"DerBaum","article_modified_time":"2023-09-30T14:09:21+00:00","og_image":[{"width":1200,"height":795,"url":"https:\/\/dirwabaum.de\/wordpress\/wp-content\/uploads\/2020\/09\/rote-bank-IV.jpg","type":"image\/jpeg"}],"twitter_misc":{"Gesch\u00e4tzte Lesezeit":"1\u00a0Minute"},"schema":{"@context":"https:\/\/schema.org","@graph":[{"@type":"WebPage","@id":"https:\/\/dirwabaum.de\/wordpress\/kirchensafari\/kirchen-in-oesterreich\/","url":"https:\/\/dirwabaum.de\/wordpress\/kirchensafari\/kirchen-in-oesterreich\/","name":"Kirchen in \u00d6sterreich &#8211; DerBaum","isPartOf":{"@id":"https:\/\/dirwabaum.de\/wordpress\/#website"},"primaryImageOfPage":{"@id":"https:\/\/dirwabaum.de\/wordpress\/kirchensafari\/kirchen-in-oesterreich\/#primaryimage"},"image":{"@id":"https:\/\/dirwabaum.de\/wordpress\/kirchensafari\/kirchen-in-oesterreich\/#primaryimage"},"thumbnailUrl":"https:\/\/dirwabaum.de\/wordpress\/wp-content\/uploads\/2020\/09\/rote-bank-IV.jpg","datePublished":"2020-09-27T13:14:29+00:00","dateModified":"2023-09-30T14:09:21+00:00","breadcrumb":{"@id":"https:\/\/dirwabaum.de\/wordpress\/kirchensafari\/kirchen-in-oesterreich\/#breadcrumb"},"inLanguage":"de","potentialAction":[{"@type":"ReadAction","target":["https:\/\/dirwabaum.de\/wordpress\/kirchensafari\/kirchen-in-oesterreich\/"]}]},{"@type":"ImageObject","inLanguage":"de","@id":"https:\/\/dirwabaum.de\/wordpress\/kirchensafari\/kirchen-in-oesterreich\/#primaryimage","url":"https:\/\/dirwabaum.de\/wordpress\/wp-content\/uploads\/2020\/09\/rote-bank-IV.jpg","contentUrl":"https:\/\/dirwabaum.de\/wordpress\/wp-content\/uploads\/2020\/09\/rote-bank-IV.jpg","width":"1200","height":"795"},{"@type":"BreadcrumbList","@id":"https:\/\/dirwabaum.de\/wordpress\/kirchensafari\/kirchen-in-oesterreich\/#breadcrumb","itemListElement":[{"@type":"ListItem","position":1,"name":"Home","item":"https:\/\/dirwabaum.de\/wordpress\/"},{"@type":"ListItem","position":2,"name":"#kirchensafari","item":"https:\/\/dirwabaum.de\/wordpress\/kirchensafari\/"},{"@type":"ListItem","position":3,"name":"Kirchen in \u00d6sterreich"}]},{"@type":"WebSite","@id":"https:\/\/dirwabaum.de\/wordpress\/#website","url":"https:\/\/dirwabaum.de\/wordpress\/","name":"DerBaum","description":"...schreibt oder auch nicht","publisher":{"@id":"https:\/\/dirwabaum.de\/wordpress\/#\/schema\/person\/3431c8e9678d7bd4ccd94b76cf14e59f"},"potentialAction":[{"@type":"SearchAction","target":{"@type":"EntryPoint","urlTemplate":"https:\/\/dirwabaum.de\/wordpress\/?s={search_term_string}"},"query-input":{"@type":"PropertyValueSpecification","valueRequired":true,"valueName":"search_term_string"}}],"inLanguage":"de"},{"@type":["Person","Organization"],"@id":"https:\/\/dirwabaum.de\/wordpress\/#\/schema\/person\/3431c8e9678d7bd4ccd94b76cf14e59f","name":"der chef","image":{"@type":"ImageObject","inLanguage":"de","@id":"https:\/\/i2.wp.com\/dirwabaum.de\/wordpress\/wp-content\/uploads\/2020\/11\/Foto-02.10.11-08-54-32.jpg?fit=1936%2C1936&ssl=1","url":"https:\/\/i2.wp.com\/dirwabaum.de\/wordpress\/wp-content\/uploads\/2020\/11\/Foto-02.10.11-08-54-32.jpg?fit=1936%2C1936&ssl=1","contentUrl":"https:\/\/i2.wp.com\/dirwabaum.de\/wordpress\/wp-content\/uploads\/2020\/11\/Foto-02.10.11-08-54-32.jpg?fit=1936%2C1936&ssl=1","width":"1936","height":"1936","caption":"der chef"},"logo":{"@id":"https:\/\/i2.wp.com\/dirwabaum.de\/wordpress\/wp-content\/uploads\/2020\/11\/Foto-02.10.11-08-54-32.jpg?fit=1936%2C1936&ssl=1"},"description":"Tue einfach so als w\u00fcsstest du was du tust!","sameAs":["https:\/\/x.com\/derbaum"]}]}},"jetpack_shortlink":"https:\/\/wp.me\/PIjRS-6vQ","jetpack_sharing_enabled":true,"_links":{"self":[{"href":"https:\/\/dirwabaum.de\/wordpress\/wp-json\/wp\/v2\/pages\/25038","targetHints":{"allow":["GET"]}}],"collection":[{"href":"https:\/\/dirwabaum.de\/wordpress\/wp-json\/wp\/v2\/pages"}],"about":[{"href":"https:\/\/dirwabaum.de\/wordpress\/wp-json\/wp\/v2\/types\/page"}],"author":[{"embeddable":true,"href":"https:\/\/dirwabaum.de\/wordpress\/wp-json\/wp\/v2\/users\/3"}],"replies":[{"embeddable":true,"href":"https:\/\/dirwabaum.de\/wordpress\/wp-json\/wp\/v2\/comments?post=25038"}],"version-history":[{"count":6,"href":"https:\/\/dirwabaum.de\/wordpress\/wp-json\/wp\/v2\/pages\/25038\/revisions"}],"predecessor-version":[{"id":36508,"href":"https:\/\/dirwabaum.de\/wordpress\/wp-json\/wp\/v2\/pages\/25038\/revisions\/36508"}],"up":[{"embeddable":true,"href":"https:\/\/dirwabaum.de\/wordpress\/wp-json\/wp\/v2\/pages\/21202"}],"wp:featuredmedia":[{"embeddable":true,"href":"https:\/\/dirwabaum.de\/wordpress\/wp-json\/wp\/v2\/media\/25031"}],"wp:attachment":[{"href":"https:\/\/dirwabaum.de\/wordpress\/wp-json\/wp\/v2\/media?parent=25038"}],"curies":[{"name":"wp","href":"https:\/\/api.w.org\/{rel}","templated":true}]}}