{"id":26427,"date":"2021-04-07T08:02:04","date_gmt":"2021-04-07T06:02:04","guid":{"rendered":"https:\/\/dirwabaum.de\/wordpress\/?page_id=26427"},"modified":"2021-08-20T12:31:32","modified_gmt":"2021-08-20T10:31:32","slug":"schellerhau","status":"publish","type":"page","link":"https:\/\/dirwabaum.de\/wordpress\/suehnekreuze\/schellerhau\/","title":{"rendered":"Schellerhau"},"content":{"rendered":"<div class='__iawmlf-post-loop-links' style='display:none;' data-iawmlf-post-links='[{&quot;id&quot;:639,&quot;href&quot;:&quot;https:\\\/\\\/goo.gl\\\/maps\\\/9uQbsBqzxnY54DKD9&quot;,&quot;archived_href&quot;:&quot;&quot;,&quot;redirect_href&quot;:&quot;https:\\\/\\\/www.google.de\\\/maps\\\/place\\\/Gedenkstein+ODF\\\/@50.7844704,13.6866025,25657m\\\/data=!3m1!1e3!4m5!3m4!1s0x4709ed01e4a84cd1:0x341b6ea5e69a49a5!8m2!3d50.7665123!4d13.7282753?shorturl=1&quot;,&quot;checks&quot;:[],&quot;broken&quot;:false,&quot;last_checked&quot;:null,&quot;process&quot;:&quot;done&quot;},{&quot;id&quot;:468,&quot;href&quot;:&quot;https:\\\/\\\/wp.me\\\/PIjRS-5Il&quot;,&quot;archived_href&quot;:&quot;&quot;,&quot;redirect_href&quot;:&quot;&quot;,&quot;checks&quot;:[],&quot;broken&quot;:false,&quot;last_checked&quot;:null,&quot;process&quot;:&quot;done&quot;}]'><\/div>\n<p><a href=\"https:\/\/dirwabaum.de\/wordpress\/wp-content\/uploads\/2021\/04\/odf-stein-schellerhau-I.jpg\"><img loading=\"lazy\" decoding=\"async\" data-attachment-id=\"26429\" data-permalink=\"https:\/\/dirwabaum.de\/wordpress\/suehnekreuze\/schellerhau\/odf-stein-schellerhau-i\/\" data-orig-file=\"https:\/\/dirwabaum.de\/wordpress\/wp-content\/uploads\/2021\/04\/odf-stein-schellerhau-I.jpg\" data-orig-size=\"800,1068\" data-comments-opened=\"1\" data-image-meta=\"{&quot;aperture&quot;:&quot;1.8&quot;,&quot;credit&quot;:&quot;&quot;,&quot;camera&quot;:&quot;iPhone XR&quot;,&quot;caption&quot;:&quot;&quot;,&quot;created_timestamp&quot;:&quot;1605686892&quot;,&quot;copyright&quot;:&quot;\\u00a9 derbaum&quot;,&quot;focal_length&quot;:&quot;4.25&quot;,&quot;iso&quot;:&quot;250&quot;,&quot;shutter_speed&quot;:&quot;0.016666666666667&quot;,&quot;title&quot;:&quot;&quot;,&quot;orientation&quot;:&quot;1&quot;}\" data-image-title=\"odf-stein schellerhau I\" data-image-description=\"\" data-image-caption=\"\" data-large-file=\"https:\/\/dirwabaum.de\/wordpress\/wp-content\/uploads\/2021\/04\/odf-stein-schellerhau-I.jpg\" class=\"aligncenter size-full wp-image-26429\" src=\"https:\/\/dirwabaum.de\/wordpress\/wp-content\/uploads\/2021\/04\/odf-stein-schellerhau-I.jpg\" alt=\"\" width=\"800\" height=\"1068\" srcset=\"https:\/\/dirwabaum.de\/wordpress\/wp-content\/uploads\/2021\/04\/odf-stein-schellerhau-I.jpg 800w, https:\/\/dirwabaum.de\/wordpress\/wp-content\/uploads\/2021\/04\/odf-stein-schellerhau-I-225x300.jpg 225w, https:\/\/dirwabaum.de\/wordpress\/wp-content\/uploads\/2021\/04\/odf-stein-schellerhau-I-112x150.jpg 112w, https:\/\/dirwabaum.de\/wordpress\/wp-content\/uploads\/2021\/04\/odf-stein-schellerhau-I-768x1025.jpg 768w\" sizes=\"auto, (max-width: 800px) 100vw, 800px\" \/><\/a><\/p>\n<p>&nbsp;<\/p>\n<p style=\"text-align: justify;\"><span style=\"font-size: 12pt;\">Obwohl der Gedenkstein neueren Datums ist m\u00f6chte ich ihn doch nicht unerw\u00e4hnt lassen. Eingeweiht am 11.September 1966 erinnert er an Widerstandsk\u00e4mpfer gegen die Naziherrschaft hier im Gebirge.<\/span><\/p>\n<p>&nbsp;<\/p>\n<p><a href=\"https:\/\/dirwabaum.de\/wordpress\/wp-content\/uploads\/2021\/04\/odf-stein-schellerhau-IV.jpg\"><img loading=\"lazy\" decoding=\"async\" data-attachment-id=\"26439\" data-permalink=\"https:\/\/dirwabaum.de\/wordpress\/suehnekreuze\/schellerhau\/odf-stein-schellerhau-iv\/\" data-orig-file=\"https:\/\/dirwabaum.de\/wordpress\/wp-content\/uploads\/2021\/04\/odf-stein-schellerhau-IV.jpg\" data-orig-size=\"800,1097\" data-comments-opened=\"1\" data-image-meta=\"{&quot;aperture&quot;:&quot;1.8&quot;,&quot;credit&quot;:&quot;&quot;,&quot;camera&quot;:&quot;iPhone XR&quot;,&quot;caption&quot;:&quot;&quot;,&quot;created_timestamp&quot;:&quot;1605686967&quot;,&quot;copyright&quot;:&quot;\\u00a9 derbaum&quot;,&quot;focal_length&quot;:&quot;4.25&quot;,&quot;iso&quot;:&quot;125&quot;,&quot;shutter_speed&quot;:&quot;0.016666666666667&quot;,&quot;title&quot;:&quot;&quot;,&quot;orientation&quot;:&quot;1&quot;}\" data-image-title=\"odf-stein schellerhau IV\" data-image-description=\"\" data-image-caption=\"\" data-large-file=\"https:\/\/dirwabaum.de\/wordpress\/wp-content\/uploads\/2021\/04\/odf-stein-schellerhau-IV.jpg\" class=\"aligncenter size-full wp-image-26439\" src=\"https:\/\/dirwabaum.de\/wordpress\/wp-content\/uploads\/2021\/04\/odf-stein-schellerhau-IV.jpg\" alt=\"\" width=\"800\" height=\"1097\" srcset=\"https:\/\/dirwabaum.de\/wordpress\/wp-content\/uploads\/2021\/04\/odf-stein-schellerhau-IV.jpg 800w, https:\/\/dirwabaum.de\/wordpress\/wp-content\/uploads\/2021\/04\/odf-stein-schellerhau-IV-219x300.jpg 219w, https:\/\/dirwabaum.de\/wordpress\/wp-content\/uploads\/2021\/04\/odf-stein-schellerhau-IV-109x150.jpg 109w, https:\/\/dirwabaum.de\/wordpress\/wp-content\/uploads\/2021\/04\/odf-stein-schellerhau-IV-768x1053.jpg 768w\" sizes=\"auto, (max-width: 800px) 100vw, 800px\" \/><\/a><\/p>\n<p>&nbsp;<\/p>\n<p><span style=\"font-size: 12pt;\">Eine neben dem Stein stehende tafel gibt Auskunft!<\/span><\/p>\n<p>&nbsp;<\/p>\n<p><a href=\"https:\/\/dirwabaum.de\/wordpress\/wp-content\/uploads\/2021\/04\/odf-stein-schellerhau-III.jpg\"><img loading=\"lazy\" decoding=\"async\" data-attachment-id=\"26438\" data-permalink=\"https:\/\/dirwabaum.de\/wordpress\/suehnekreuze\/schellerhau\/odf-stein-schellerhau-iii\/\" data-orig-file=\"https:\/\/dirwabaum.de\/wordpress\/wp-content\/uploads\/2021\/04\/odf-stein-schellerhau-III.jpg\" data-orig-size=\"1000,654\" data-comments-opened=\"1\" data-image-meta=\"{&quot;aperture&quot;:&quot;1.8&quot;,&quot;credit&quot;:&quot;&quot;,&quot;camera&quot;:&quot;iPhone XR&quot;,&quot;caption&quot;:&quot;&quot;,&quot;created_timestamp&quot;:&quot;1605686941&quot;,&quot;copyright&quot;:&quot;\\u00a9 derbaum&quot;,&quot;focal_length&quot;:&quot;4.25&quot;,&quot;iso&quot;:&quot;64&quot;,&quot;shutter_speed&quot;:&quot;0.0083333333333333&quot;,&quot;title&quot;:&quot;&quot;,&quot;orientation&quot;:&quot;1&quot;}\" data-image-title=\"odf-stein schellerhau III\" data-image-description=\"\" data-image-caption=\"\" data-large-file=\"https:\/\/dirwabaum.de\/wordpress\/wp-content\/uploads\/2021\/04\/odf-stein-schellerhau-III.jpg\" class=\"aligncenter size-full wp-image-26438\" src=\"https:\/\/dirwabaum.de\/wordpress\/wp-content\/uploads\/2021\/04\/odf-stein-schellerhau-III.jpg\" alt=\"\" width=\"1000\" height=\"654\" srcset=\"https:\/\/dirwabaum.de\/wordpress\/wp-content\/uploads\/2021\/04\/odf-stein-schellerhau-III.jpg 1000w, https:\/\/dirwabaum.de\/wordpress\/wp-content\/uploads\/2021\/04\/odf-stein-schellerhau-III-300x196.jpg 300w, https:\/\/dirwabaum.de\/wordpress\/wp-content\/uploads\/2021\/04\/odf-stein-schellerhau-III-150x98.jpg 150w, https:\/\/dirwabaum.de\/wordpress\/wp-content\/uploads\/2021\/04\/odf-stein-schellerhau-III-768x502.jpg 768w\" sizes=\"auto, (max-width: 1000px) 100vw, 1000px\" \/><\/a><\/p>\n<p>&nbsp;<\/p>\n<p style=\"text-align: justify;\"><span style=\"font-size: 12pt;\">Zu <a href=\"https:\/\/goo.gl\/maps\/9uQbsBqzxnY54DKD9\" target=\"_blank\" rel=\"noopener\">finden<\/a> ist er an der Verbindungsstrasse von Altenberg nach Schellerhau kurz vor dem Gl\u00fcckspilz.<\/span><\/p>\n<p>&nbsp;<\/p>\n<p><a href=\"https:\/\/dirwabaum.de\/wordpress\/wp-content\/uploads\/2021\/04\/odf-stein-schellerhau-II.jpg\"><img loading=\"lazy\" decoding=\"async\" data-attachment-id=\"26437\" data-permalink=\"https:\/\/dirwabaum.de\/wordpress\/suehnekreuze\/schellerhau\/odf-stein-schellerhau-ii\/\" data-orig-file=\"https:\/\/dirwabaum.de\/wordpress\/wp-content\/uploads\/2021\/04\/odf-stein-schellerhau-II.jpg\" data-orig-size=\"800,1354\" data-comments-opened=\"1\" data-image-meta=\"{&quot;aperture&quot;:&quot;1.8&quot;,&quot;credit&quot;:&quot;&quot;,&quot;camera&quot;:&quot;iPhone XR&quot;,&quot;caption&quot;:&quot;&quot;,&quot;created_timestamp&quot;:&quot;1605686899&quot;,&quot;copyright&quot;:&quot;\\u00a9 derbaum&quot;,&quot;focal_length&quot;:&quot;4.25&quot;,&quot;iso&quot;:&quot;250&quot;,&quot;shutter_speed&quot;:&quot;0.016666666666667&quot;,&quot;title&quot;:&quot;&quot;,&quot;orientation&quot;:&quot;1&quot;}\" data-image-title=\"odf-stein schellerhau II\" data-image-description=\"\" data-image-caption=\"\" data-large-file=\"https:\/\/dirwabaum.de\/wordpress\/wp-content\/uploads\/2021\/04\/odf-stein-schellerhau-II.jpg\" class=\"aligncenter size-full wp-image-26437\" src=\"https:\/\/dirwabaum.de\/wordpress\/wp-content\/uploads\/2021\/04\/odf-stein-schellerhau-II.jpg\" alt=\"\" width=\"800\" height=\"1354\" srcset=\"https:\/\/dirwabaum.de\/wordpress\/wp-content\/uploads\/2021\/04\/odf-stein-schellerhau-II.jpg 800w, https:\/\/dirwabaum.de\/wordpress\/wp-content\/uploads\/2021\/04\/odf-stein-schellerhau-II-177x300.jpg 177w, https:\/\/dirwabaum.de\/wordpress\/wp-content\/uploads\/2021\/04\/odf-stein-schellerhau-II-89x150.jpg 89w, https:\/\/dirwabaum.de\/wordpress\/wp-content\/uploads\/2021\/04\/odf-stein-schellerhau-II-768x1300.jpg 768w\" sizes=\"auto, (max-width: 800px) 100vw, 800px\" \/><\/a><\/p>\n<p><center><\/center><center>***<\/center>&nbsp;<\/p>\n<p style=\"text-align: justify;\"><span style=\"font-size: 12pt;\">Ich habe k\u00fcrzlich noch einen zweiten Stein auf der Schellerhauer Flur gefunden. von dem weiss ich \u00fcberhaupt nichts &#8211; habe bisher auch noch nirgends etwas gefunden.<\/span><\/p>\n<p><a href=\"https:\/\/dirwabaum.de\/wordpress\/wp-content\/uploads\/2021\/04\/schellerhau-I.jpg\"><img loading=\"lazy\" decoding=\"async\" data-attachment-id=\"26445\" data-permalink=\"https:\/\/dirwabaum.de\/wordpress\/suehnekreuze\/schellerhau\/schellerhau-i-2\/\" data-orig-file=\"https:\/\/dirwabaum.de\/wordpress\/wp-content\/uploads\/2021\/04\/schellerhau-I.jpg\" data-orig-size=\"800,1067\" data-comments-opened=\"1\" data-image-meta=\"{&quot;aperture&quot;:&quot;1.8&quot;,&quot;credit&quot;:&quot;&quot;,&quot;camera&quot;:&quot;iPhone XR&quot;,&quot;caption&quot;:&quot;&quot;,&quot;created_timestamp&quot;:&quot;1617607752&quot;,&quot;copyright&quot;:&quot;\\u00a9 derbaum&quot;,&quot;focal_length&quot;:&quot;4.25&quot;,&quot;iso&quot;:&quot;25&quot;,&quot;shutter_speed&quot;:&quot;0.00125&quot;,&quot;title&quot;:&quot;&quot;,&quot;orientation&quot;:&quot;1&quot;}\" data-image-title=\"schellerhau I\" data-image-description=\"\" data-image-caption=\"\" data-large-file=\"https:\/\/dirwabaum.de\/wordpress\/wp-content\/uploads\/2021\/04\/schellerhau-I.jpg\" class=\"aligncenter size-full wp-image-26445\" src=\"https:\/\/dirwabaum.de\/wordpress\/wp-content\/uploads\/2021\/04\/schellerhau-I.jpg\" alt=\"\" width=\"800\" height=\"1067\" srcset=\"https:\/\/dirwabaum.de\/wordpress\/wp-content\/uploads\/2021\/04\/schellerhau-I.jpg 800w, https:\/\/dirwabaum.de\/wordpress\/wp-content\/uploads\/2021\/04\/schellerhau-I-225x300.jpg 225w, https:\/\/dirwabaum.de\/wordpress\/wp-content\/uploads\/2021\/04\/schellerhau-I-112x150.jpg 112w, https:\/\/dirwabaum.de\/wordpress\/wp-content\/uploads\/2021\/04\/schellerhau-I-768x1024.jpg 768w\" sizes=\"auto, (max-width: 800px) 100vw, 800px\" \/><\/a><\/p>\n<p><a href=\"https:\/\/dirwabaum.de\/wordpress\/wp-content\/uploads\/2021\/04\/schellerhau-II.jpg\"><img loading=\"lazy\" decoding=\"async\" data-attachment-id=\"26446\" data-permalink=\"https:\/\/dirwabaum.de\/wordpress\/suehnekreuze\/schellerhau\/schellerhau-ii-2\/\" data-orig-file=\"https:\/\/dirwabaum.de\/wordpress\/wp-content\/uploads\/2021\/04\/schellerhau-II.jpg\" data-orig-size=\"800,1117\" data-comments-opened=\"1\" data-image-meta=\"{&quot;aperture&quot;:&quot;1.8&quot;,&quot;credit&quot;:&quot;&quot;,&quot;camera&quot;:&quot;iPhone XR&quot;,&quot;caption&quot;:&quot;&quot;,&quot;created_timestamp&quot;:&quot;1617607845&quot;,&quot;copyright&quot;:&quot;\\u00a9 derbaum&quot;,&quot;focal_length&quot;:&quot;4.25&quot;,&quot;iso&quot;:&quot;25&quot;,&quot;shutter_speed&quot;:&quot;0.0033333333333333&quot;,&quot;title&quot;:&quot;&quot;,&quot;orientation&quot;:&quot;1&quot;}\" data-image-title=\"schellerhau II\" data-image-description=\"\" data-image-caption=\"\" data-large-file=\"https:\/\/dirwabaum.de\/wordpress\/wp-content\/uploads\/2021\/04\/schellerhau-II.jpg\" class=\"aligncenter size-full wp-image-26446\" src=\"https:\/\/dirwabaum.de\/wordpress\/wp-content\/uploads\/2021\/04\/schellerhau-II.jpg\" alt=\"\" width=\"800\" height=\"1117\" srcset=\"https:\/\/dirwabaum.de\/wordpress\/wp-content\/uploads\/2021\/04\/schellerhau-II.jpg 800w, https:\/\/dirwabaum.de\/wordpress\/wp-content\/uploads\/2021\/04\/schellerhau-II-215x300.jpg 215w, https:\/\/dirwabaum.de\/wordpress\/wp-content\/uploads\/2021\/04\/schellerhau-II-107x150.jpg 107w, https:\/\/dirwabaum.de\/wordpress\/wp-content\/uploads\/2021\/04\/schellerhau-II-768x1072.jpg 768w\" sizes=\"auto, (max-width: 800px) 100vw, 800px\" \/><\/a><\/p>\n<p>&nbsp;<\/p>\n<p style=\"text-align: justify;\"><span style=\"font-size: 12pt;\">Einzig die Inschrift habe ich halbwegs entziffern k\u00f6nnen:<\/span><\/p>\n<blockquote>\n<p style=\"text-align: center;\"><span style=\"color: #000000; font-size: 16pt;\">F.H.Kempe<\/span><br \/>\n<span style=\"color: #000000; font-size: 16pt;\">1882<\/span><\/p>\n<p>&nbsp;<\/p><\/blockquote>\n<p><a href=\"https:\/\/dirwabaum.de\/wordpress\/wp-content\/uploads\/2021\/04\/schellerhau-III.jpg\"><img loading=\"lazy\" decoding=\"async\" data-attachment-id=\"26447\" data-permalink=\"https:\/\/dirwabaum.de\/wordpress\/suehnekreuze\/schellerhau\/schellerhau-iii-2\/\" data-orig-file=\"https:\/\/dirwabaum.de\/wordpress\/wp-content\/uploads\/2021\/04\/schellerhau-III.jpg\" data-orig-size=\"1000,629\" data-comments-opened=\"1\" data-image-meta=\"{&quot;aperture&quot;:&quot;1.8&quot;,&quot;credit&quot;:&quot;&quot;,&quot;camera&quot;:&quot;iPhone XR&quot;,&quot;caption&quot;:&quot;&quot;,&quot;created_timestamp&quot;:&quot;1617607777&quot;,&quot;copyright&quot;:&quot;\\u00a9 derbaum&quot;,&quot;focal_length&quot;:&quot;4.25&quot;,&quot;iso&quot;:&quot;25&quot;,&quot;shutter_speed&quot;:&quot;0.0066666666666667&quot;,&quot;title&quot;:&quot;&quot;,&quot;orientation&quot;:&quot;1&quot;}\" data-image-title=\"schellerhau III\" data-image-description=\"\" data-image-caption=\"\" data-large-file=\"https:\/\/dirwabaum.de\/wordpress\/wp-content\/uploads\/2021\/04\/schellerhau-III.jpg\" class=\"aligncenter size-full wp-image-26447\" src=\"https:\/\/dirwabaum.de\/wordpress\/wp-content\/uploads\/2021\/04\/schellerhau-III.jpg\" alt=\"\" width=\"1000\" height=\"629\" srcset=\"https:\/\/dirwabaum.de\/wordpress\/wp-content\/uploads\/2021\/04\/schellerhau-III.jpg 1000w, https:\/\/dirwabaum.de\/wordpress\/wp-content\/uploads\/2021\/04\/schellerhau-III-300x189.jpg 300w, https:\/\/dirwabaum.de\/wordpress\/wp-content\/uploads\/2021\/04\/schellerhau-III-150x94.jpg 150w, https:\/\/dirwabaum.de\/wordpress\/wp-content\/uploads\/2021\/04\/schellerhau-III-768x483.jpg 768w\" sizes=\"auto, (max-width: 1000px) 100vw, 1000px\" \/><\/a><br \/>\nAber ich versuche noch mehr heruszufinden! Und einmal rundum gehen &#8211; bitte:<\/p>\n<p>&nbsp;<br \/>\n<center><\/p>\n<div id=\"fyu_bodb3tj70d\" class=\"fy_auto\"><\/div>\n<p><script src=\"https:\/\/cdn.fyusion.com\/assets\/fyu-viewer-latest.js\"><\/script><script>FYU.add(\"bodb3tj70d\", \"fyu_bodb3tj70d\");<\/script><\/center><\/p>\n<p>&nbsp;<\/p>\n<p style=\"text-align: right;\"><a href=\"https:\/\/wp.me\/PIjRS-5Il\">zur\u00fcck<\/a><\/p>\n<p><center>***<\/center><\/p>\n","protected":false},"excerpt":{"rendered":"<p>&nbsp; Obwohl der Gedenkstein neueren Datums ist m\u00f6chte ich ihn doch nicht unerw\u00e4hnt lassen. Eingeweiht am 11.September 1966 erinnert er an Widerstandsk\u00e4mpfer gegen die Naziherrschaft hier im Gebirge. &nbsp; &nbsp; Eine neben dem Stein stehende tafel gibt Auskunft! &nbsp; &nbsp; Zu finden ist er an der Verbindungsstrasse von Altenberg nach Schellerhau kurz vor dem Gl\u00fcckspilz. [&hellip;]<\/p>\n","protected":false},"author":3,"featured_media":26445,"parent":21969,"menu_order":66500,"comment_status":"closed","ping_status":"closed","template":"elementor_theme","meta":{"_crdt_document":"","jetpack_post_was_ever_published":false,"activitypub_content_warning":"","activitypub_content_visibility":"","activitypub_max_image_attachments":3,"activitypub_interaction_policy_quote":"anyone","activitypub_status":"","footnotes":""},"class_list":["post-26427","page","type-page","status-publish","has-post-thumbnail","hentry"],"yoast_head":"<!-- This site is optimized with the Yoast SEO plugin v27.4 - https:\/\/yoast.com\/product\/yoast-seo-wordpress\/ -->\n<title>Schellerhau &#8211; DerBaum<\/title>\n<meta name=\"robots\" content=\"index, follow, max-snippet:-1, max-image-preview:large, max-video-preview:-1\" \/>\n<link rel=\"canonical\" href=\"https:\/\/dirwabaum.de\/wordpress\/suehnekreuze\/schellerhau\/\" \/>\n<meta property=\"og:locale\" content=\"de_DE\" \/>\n<meta property=\"og:type\" content=\"article\" \/>\n<meta property=\"og:title\" content=\"Schellerhau &#8211; DerBaum\" \/>\n<meta property=\"og:description\" content=\"&nbsp; Obwohl der Gedenkstein neueren Datums ist m\u00f6chte ich ihn doch nicht unerw\u00e4hnt lassen. Eingeweiht am 11.September 1966 erinnert er an Widerstandsk\u00e4mpfer gegen die Naziherrschaft hier im Gebirge. &nbsp; &nbsp; Eine neben dem Stein stehende tafel gibt Auskunft! &nbsp; &nbsp; Zu finden ist er an der Verbindungsstrasse von Altenberg nach Schellerhau kurz vor dem Gl\u00fcckspilz. [&hellip;]\" \/>\n<meta property=\"og:url\" content=\"https:\/\/dirwabaum.de\/wordpress\/suehnekreuze\/schellerhau\/\" \/>\n<meta property=\"og:site_name\" content=\"DerBaum\" \/>\n<meta property=\"article:modified_time\" content=\"2021-08-20T10:31:32+00:00\" \/>\n<meta property=\"og:image\" content=\"https:\/\/i2.wp.com\/dirwabaum.de\/wordpress\/wp-content\/uploads\/2021\/04\/schellerhau-I.jpg?fit=800%2C1067&ssl=1\" \/>\n\t<meta property=\"og:image:width\" content=\"800\" \/>\n\t<meta property=\"og:image:height\" content=\"1067\" \/>\n\t<meta property=\"og:image:type\" content=\"image\/jpeg\" \/>\n<meta name=\"twitter:label1\" content=\"Gesch\u00e4tzte Lesezeit\" \/>\n\t<meta name=\"twitter:data1\" content=\"2\u00a0Minuten\" \/>\n<script type=\"application\/ld+json\" class=\"yoast-schema-graph\">{\"@context\":\"https:\\\/\\\/schema.org\",\"@graph\":[{\"@type\":\"WebPage\",\"@id\":\"https:\\\/\\\/dirwabaum.de\\\/wordpress\\\/suehnekreuze\\\/schellerhau\\\/\",\"url\":\"https:\\\/\\\/dirwabaum.de\\\/wordpress\\\/suehnekreuze\\\/schellerhau\\\/\",\"name\":\"Schellerhau &#8211; DerBaum\",\"isPartOf\":{\"@id\":\"https:\\\/\\\/dirwabaum.de\\\/wordpress\\\/#website\"},\"primaryImageOfPage\":{\"@id\":\"https:\\\/\\\/dirwabaum.de\\\/wordpress\\\/suehnekreuze\\\/schellerhau\\\/#primaryimage\"},\"image\":{\"@id\":\"https:\\\/\\\/dirwabaum.de\\\/wordpress\\\/suehnekreuze\\\/schellerhau\\\/#primaryimage\"},\"thumbnailUrl\":\"https:\\\/\\\/dirwabaum.de\\\/wordpress\\\/wp-content\\\/uploads\\\/2021\\\/04\\\/schellerhau-I.jpg\",\"datePublished\":\"2021-04-07T06:02:04+00:00\",\"dateModified\":\"2021-08-20T10:31:32+00:00\",\"breadcrumb\":{\"@id\":\"https:\\\/\\\/dirwabaum.de\\\/wordpress\\\/suehnekreuze\\\/schellerhau\\\/#breadcrumb\"},\"inLanguage\":\"de\",\"potentialAction\":[{\"@type\":\"ReadAction\",\"target\":[\"https:\\\/\\\/dirwabaum.de\\\/wordpress\\\/suehnekreuze\\\/schellerhau\\\/\"]}]},{\"@type\":\"ImageObject\",\"inLanguage\":\"de\",\"@id\":\"https:\\\/\\\/dirwabaum.de\\\/wordpress\\\/suehnekreuze\\\/schellerhau\\\/#primaryimage\",\"url\":\"https:\\\/\\\/dirwabaum.de\\\/wordpress\\\/wp-content\\\/uploads\\\/2021\\\/04\\\/schellerhau-I.jpg\",\"contentUrl\":\"https:\\\/\\\/dirwabaum.de\\\/wordpress\\\/wp-content\\\/uploads\\\/2021\\\/04\\\/schellerhau-I.jpg\",\"width\":\"800\",\"height\":\"1067\"},{\"@type\":\"BreadcrumbList\",\"@id\":\"https:\\\/\\\/dirwabaum.de\\\/wordpress\\\/suehnekreuze\\\/schellerhau\\\/#breadcrumb\",\"itemListElement\":[{\"@type\":\"ListItem\",\"position\":1,\"name\":\"Home\",\"item\":\"https:\\\/\\\/dirwabaum.de\\\/wordpress\\\/\"},{\"@type\":\"ListItem\",\"position\":2,\"name\":\"#s\u00fchnekreuze\",\"item\":\"https:\\\/\\\/dirwabaum.de\\\/wordpress\\\/suehnekreuze\\\/\"},{\"@type\":\"ListItem\",\"position\":3,\"name\":\"Schellerhau\"}]},{\"@type\":\"WebSite\",\"@id\":\"https:\\\/\\\/dirwabaum.de\\\/wordpress\\\/#website\",\"url\":\"https:\\\/\\\/dirwabaum.de\\\/wordpress\\\/\",\"name\":\"DerBaum\",\"description\":\"...schreibt oder auch nicht\",\"publisher\":{\"@id\":\"https:\\\/\\\/dirwabaum.de\\\/wordpress\\\/#\\\/schema\\\/person\\\/3431c8e9678d7bd4ccd94b76cf14e59f\"},\"potentialAction\":[{\"@type\":\"SearchAction\",\"target\":{\"@type\":\"EntryPoint\",\"urlTemplate\":\"https:\\\/\\\/dirwabaum.de\\\/wordpress\\\/?s={search_term_string}\"},\"query-input\":{\"@type\":\"PropertyValueSpecification\",\"valueRequired\":true,\"valueName\":\"search_term_string\"}}],\"inLanguage\":\"de\"},{\"@type\":[\"Person\",\"Organization\"],\"@id\":\"https:\\\/\\\/dirwabaum.de\\\/wordpress\\\/#\\\/schema\\\/person\\\/3431c8e9678d7bd4ccd94b76cf14e59f\",\"name\":\"der chef\",\"image\":{\"@type\":\"ImageObject\",\"inLanguage\":\"de\",\"@id\":\"https:\\\/\\\/i2.wp.com\\\/dirwabaum.de\\\/wordpress\\\/wp-content\\\/uploads\\\/2020\\\/11\\\/Foto-02.10.11-08-54-32.jpg?fit=1936%2C1936&ssl=1\",\"url\":\"https:\\\/\\\/i2.wp.com\\\/dirwabaum.de\\\/wordpress\\\/wp-content\\\/uploads\\\/2020\\\/11\\\/Foto-02.10.11-08-54-32.jpg?fit=1936%2C1936&ssl=1\",\"contentUrl\":\"https:\\\/\\\/i2.wp.com\\\/dirwabaum.de\\\/wordpress\\\/wp-content\\\/uploads\\\/2020\\\/11\\\/Foto-02.10.11-08-54-32.jpg?fit=1936%2C1936&ssl=1\",\"width\":\"1936\",\"height\":\"1936\",\"caption\":\"der chef\"},\"logo\":{\"@id\":\"https:\\\/\\\/i2.wp.com\\\/dirwabaum.de\\\/wordpress\\\/wp-content\\\/uploads\\\/2020\\\/11\\\/Foto-02.10.11-08-54-32.jpg?fit=1936%2C1936&ssl=1\"},\"description\":\"Tue einfach so als w\u00fcsstest du was du tust!\",\"sameAs\":[\"https:\\\/\\\/x.com\\\/derbaum\"]}]}<\/script>\n<!-- \/ Yoast SEO plugin. -->","yoast_head_json":{"title":"Schellerhau &#8211; DerBaum","robots":{"index":"index","follow":"follow","max-snippet":"max-snippet:-1","max-image-preview":"max-image-preview:large","max-video-preview":"max-video-preview:-1"},"canonical":"https:\/\/dirwabaum.de\/wordpress\/suehnekreuze\/schellerhau\/","og_locale":"de_DE","og_type":"article","og_title":"Schellerhau &#8211; DerBaum","og_description":"&nbsp; Obwohl der Gedenkstein neueren Datums ist m\u00f6chte ich ihn doch nicht unerw\u00e4hnt lassen. Eingeweiht am 11.September 1966 erinnert er an Widerstandsk\u00e4mpfer gegen die Naziherrschaft hier im Gebirge. &nbsp; &nbsp; Eine neben dem Stein stehende tafel gibt Auskunft! &nbsp; &nbsp; Zu finden ist er an der Verbindungsstrasse von Altenberg nach Schellerhau kurz vor dem Gl\u00fcckspilz. [&hellip;]","og_url":"https:\/\/dirwabaum.de\/wordpress\/suehnekreuze\/schellerhau\/","og_site_name":"DerBaum","article_modified_time":"2021-08-20T10:31:32+00:00","og_image":[{"width":800,"height":1067,"url":"https:\/\/i2.wp.com\/dirwabaum.de\/wordpress\/wp-content\/uploads\/2021\/04\/schellerhau-I.jpg?fit=800%2C1067&ssl=1","type":"image\/jpeg"}],"twitter_misc":{"Gesch\u00e4tzte Lesezeit":"2\u00a0Minuten"},"schema":{"@context":"https:\/\/schema.org","@graph":[{"@type":"WebPage","@id":"https:\/\/dirwabaum.de\/wordpress\/suehnekreuze\/schellerhau\/","url":"https:\/\/dirwabaum.de\/wordpress\/suehnekreuze\/schellerhau\/","name":"Schellerhau &#8211; DerBaum","isPartOf":{"@id":"https:\/\/dirwabaum.de\/wordpress\/#website"},"primaryImageOfPage":{"@id":"https:\/\/dirwabaum.de\/wordpress\/suehnekreuze\/schellerhau\/#primaryimage"},"image":{"@id":"https:\/\/dirwabaum.de\/wordpress\/suehnekreuze\/schellerhau\/#primaryimage"},"thumbnailUrl":"https:\/\/dirwabaum.de\/wordpress\/wp-content\/uploads\/2021\/04\/schellerhau-I.jpg","datePublished":"2021-04-07T06:02:04+00:00","dateModified":"2021-08-20T10:31:32+00:00","breadcrumb":{"@id":"https:\/\/dirwabaum.de\/wordpress\/suehnekreuze\/schellerhau\/#breadcrumb"},"inLanguage":"de","potentialAction":[{"@type":"ReadAction","target":["https:\/\/dirwabaum.de\/wordpress\/suehnekreuze\/schellerhau\/"]}]},{"@type":"ImageObject","inLanguage":"de","@id":"https:\/\/dirwabaum.de\/wordpress\/suehnekreuze\/schellerhau\/#primaryimage","url":"https:\/\/dirwabaum.de\/wordpress\/wp-content\/uploads\/2021\/04\/schellerhau-I.jpg","contentUrl":"https:\/\/dirwabaum.de\/wordpress\/wp-content\/uploads\/2021\/04\/schellerhau-I.jpg","width":"800","height":"1067"},{"@type":"BreadcrumbList","@id":"https:\/\/dirwabaum.de\/wordpress\/suehnekreuze\/schellerhau\/#breadcrumb","itemListElement":[{"@type":"ListItem","position":1,"name":"Home","item":"https:\/\/dirwabaum.de\/wordpress\/"},{"@type":"ListItem","position":2,"name":"#s\u00fchnekreuze","item":"https:\/\/dirwabaum.de\/wordpress\/suehnekreuze\/"},{"@type":"ListItem","position":3,"name":"Schellerhau"}]},{"@type":"WebSite","@id":"https:\/\/dirwabaum.de\/wordpress\/#website","url":"https:\/\/dirwabaum.de\/wordpress\/","name":"DerBaum","description":"...schreibt oder auch nicht","publisher":{"@id":"https:\/\/dirwabaum.de\/wordpress\/#\/schema\/person\/3431c8e9678d7bd4ccd94b76cf14e59f"},"potentialAction":[{"@type":"SearchAction","target":{"@type":"EntryPoint","urlTemplate":"https:\/\/dirwabaum.de\/wordpress\/?s={search_term_string}"},"query-input":{"@type":"PropertyValueSpecification","valueRequired":true,"valueName":"search_term_string"}}],"inLanguage":"de"},{"@type":["Person","Organization"],"@id":"https:\/\/dirwabaum.de\/wordpress\/#\/schema\/person\/3431c8e9678d7bd4ccd94b76cf14e59f","name":"der chef","image":{"@type":"ImageObject","inLanguage":"de","@id":"https:\/\/i2.wp.com\/dirwabaum.de\/wordpress\/wp-content\/uploads\/2020\/11\/Foto-02.10.11-08-54-32.jpg?fit=1936%2C1936&ssl=1","url":"https:\/\/i2.wp.com\/dirwabaum.de\/wordpress\/wp-content\/uploads\/2020\/11\/Foto-02.10.11-08-54-32.jpg?fit=1936%2C1936&ssl=1","contentUrl":"https:\/\/i2.wp.com\/dirwabaum.de\/wordpress\/wp-content\/uploads\/2020\/11\/Foto-02.10.11-08-54-32.jpg?fit=1936%2C1936&ssl=1","width":"1936","height":"1936","caption":"der chef"},"logo":{"@id":"https:\/\/i2.wp.com\/dirwabaum.de\/wordpress\/wp-content\/uploads\/2020\/11\/Foto-02.10.11-08-54-32.jpg?fit=1936%2C1936&ssl=1"},"description":"Tue einfach so als w\u00fcsstest du was du tust!","sameAs":["https:\/\/x.com\/derbaum"]}]}},"jetpack_shortlink":"https:\/\/wp.me\/PIjRS-6Sf","jetpack_sharing_enabled":true,"_links":{"self":[{"href":"https:\/\/dirwabaum.de\/wordpress\/wp-json\/wp\/v2\/pages\/26427","targetHints":{"allow":["GET"]}}],"collection":[{"href":"https:\/\/dirwabaum.de\/wordpress\/wp-json\/wp\/v2\/pages"}],"about":[{"href":"https:\/\/dirwabaum.de\/wordpress\/wp-json\/wp\/v2\/types\/page"}],"author":[{"embeddable":true,"href":"https:\/\/dirwabaum.de\/wordpress\/wp-json\/wp\/v2\/users\/3"}],"replies":[{"embeddable":true,"href":"https:\/\/dirwabaum.de\/wordpress\/wp-json\/wp\/v2\/comments?post=26427"}],"version-history":[{"count":12,"href":"https:\/\/dirwabaum.de\/wordpress\/wp-json\/wp\/v2\/pages\/26427\/revisions"}],"predecessor-version":[{"id":27930,"href":"https:\/\/dirwabaum.de\/wordpress\/wp-json\/wp\/v2\/pages\/26427\/revisions\/27930"}],"up":[{"embeddable":true,"href":"https:\/\/dirwabaum.de\/wordpress\/wp-json\/wp\/v2\/pages\/21969"}],"wp:featuredmedia":[{"embeddable":true,"href":"https:\/\/dirwabaum.de\/wordpress\/wp-json\/wp\/v2\/media\/26445"}],"wp:attachment":[{"href":"https:\/\/dirwabaum.de\/wordpress\/wp-json\/wp\/v2\/media?parent=26427"}],"curies":[{"name":"wp","href":"https:\/\/api.w.org\/{rel}","templated":true}]}}