{"id":34745,"date":"2023-04-22T17:20:21","date_gmt":"2023-04-22T15:20:21","guid":{"rendered":"https:\/\/dirwabaum.de\/wordpress\/?page_id=34745"},"modified":"2023-04-22T17:20:24","modified_gmt":"2023-04-22T15:20:24","slug":"nauleis","status":"publish","type":"page","link":"https:\/\/dirwabaum.de\/wordpress\/suehnekreuze\/nauleis\/","title":{"rendered":"Nauleis"},"content":{"rendered":"<div class=\"wp-block-image\"><div class='__iawmlf-post-loop-links' style='display:none;' data-iawmlf-post-links='[{&quot;id&quot;:260,&quot;href&quot;:&quot;https:\\\/\\\/de.wikipedia.org\\\/wiki\\\/Nauleis&quot;,&quot;archived_href&quot;:&quot;http:\\\/\\\/web-wp.archive.org\\\/web\\\/20251117043548\\\/https:\\\/\\\/de.wikipedia.org\\\/wiki\\\/Nauleis&quot;,&quot;redirect_href&quot;:&quot;&quot;,&quot;checks&quot;:[{&quot;date&quot;:&quot;2026-02-09 02:11:28&quot;,&quot;http_code&quot;:200},{&quot;date&quot;:&quot;2026-02-16 02:31:35&quot;,&quot;http_code&quot;:200},{&quot;date&quot;:&quot;2026-04-04 23:20:39&quot;,&quot;http_code&quot;:200},{&quot;date&quot;:&quot;2026-04-09 04:46:10&quot;,&quot;http_code&quot;:429},{&quot;date&quot;:&quot;2026-04-13 01:24:16&quot;,&quot;http_code&quot;:200}],&quot;broken&quot;:false,&quot;last_checked&quot;:{&quot;date&quot;:&quot;2026-04-13 01:24:16&quot;,&quot;http_code&quot;:200},&quot;process&quot;:&quot;done&quot;},{&quot;id&quot;:261,&quot;href&quot;:&quot;https:\\\/\\\/goo.gl\\\/maps\\\/AhftFsBX8gKuwPtt6&quot;,&quot;archived_href&quot;:&quot;&quot;,&quot;redirect_href&quot;:&quot;https:\\\/\\\/www.google.com\\\/maps\\\/place\\\/Steinkreuz+Nauleis\\\/@51.2456712,13.5797309,2667m\\\/data=!3m1!1e3!4m6!3m5!1s0x47082b9ecd5221f7:0x7172c5b8f29f3f52!8m2!3d51.2481537!4d13.5828677!16s%2Fg%2F11kjnb9dnc!5m1!1e1?hl=de&amp;coh=178572&amp;entry=tt&amp;shorturl=1&quot;,&quot;checks&quot;:[],&quot;broken&quot;:false,&quot;last_checked&quot;:null,&quot;process&quot;:&quot;done&quot;},{&quot;id&quot;:262,&quot;href&quot;:&quot;https:\\\/\\\/de.wikipedia.org\\\/wiki\\\/Nauleis#\\\/media\\\/Datei:30755-Nauleis-1988-Wohnh%C3%A4user_in_Nauleis_und_Altleis-Br%C3%BCck_&amp;_Sohn_Kunstverlag.jpg&quot;,&quot;archived_href&quot;:&quot;http:\\\/\\\/web-wp.archive.org\\\/web\\\/20251117043548\\\/https:\\\/\\\/de.wikipedia.org\\\/wiki\\\/Nauleis&quot;,&quot;redirect_href&quot;:&quot;&quot;,&quot;checks&quot;:[{&quot;date&quot;:&quot;2026-02-09 02:11:30&quot;,&quot;http_code&quot;:200}],&quot;broken&quot;:false,&quot;last_checked&quot;:{&quot;date&quot;:&quot;2026-02-09 02:11:30&quot;,&quot;http_code&quot;:200},&quot;process&quot;:&quot;done&quot;}]'><\/div>\n<figure class=\"aligncenter size-full is-resized\"><a href=\"https:\/\/dirwabaum.de\/wordpress\/wp-content\/uploads\/2023\/04\/nauleis-3.jpg\"><img loading=\"lazy\" decoding=\"async\" data-attachment-id=\"34747\" data-permalink=\"https:\/\/dirwabaum.de\/wordpress\/suehnekreuze\/nauleis\/nauleis-3\/\" data-orig-file=\"https:\/\/dirwabaum.de\/wordpress\/wp-content\/uploads\/2023\/04\/nauleis-3.jpg\" data-orig-size=\"1200,675\" data-comments-opened=\"1\" data-image-meta=\"{&quot;aperture&quot;:&quot;1.8&quot;,&quot;credit&quot;:&quot;&quot;,&quot;camera&quot;:&quot;iPhone 14 Pro&quot;,&quot;caption&quot;:&quot;&quot;,&quot;created_timestamp&quot;:&quot;1682157242&quot;,&quot;copyright&quot;:&quot;\\u00a9 derbaum&quot;,&quot;focal_length&quot;:&quot;6.86&quot;,&quot;iso&quot;:&quot;80&quot;,&quot;shutter_speed&quot;:&quot;0.00025641025641026&quot;,&quot;title&quot;:&quot;&quot;,&quot;orientation&quot;:&quot;0&quot;}\" data-image-title=\"nauleis-3\" data-image-description=\"\" data-image-caption=\"\" data-large-file=\"https:\/\/dirwabaum.de\/wordpress\/wp-content\/uploads\/2023\/04\/nauleis-3.jpg\" src=\"https:\/\/dirwabaum.de\/wordpress\/wp-content\/uploads\/2023\/04\/nauleis-3.jpg\" alt=\"\" class=\"wp-image-34747\" width=\"900\" height=\"506\" srcset=\"https:\/\/dirwabaum.de\/wordpress\/wp-content\/uploads\/2023\/04\/nauleis-3.jpg 1200w, https:\/\/dirwabaum.de\/wordpress\/wp-content\/uploads\/2023\/04\/nauleis-3-300x169.jpg 300w, https:\/\/dirwabaum.de\/wordpress\/wp-content\/uploads\/2023\/04\/nauleis-3-150x84.jpg 150w, https:\/\/dirwabaum.de\/wordpress\/wp-content\/uploads\/2023\/04\/nauleis-3-768x432.jpg 768w\" sizes=\"auto, (max-width: 900px) 100vw, 900px\" \/><\/a><\/figure>\n<\/div>\n\n\n<p class=\"has-text-align-center wp-block-paragraph\"><br>Im kleinen <a href=\"https:\/\/de.wikipedia.org\/wiki\/Nauleis\">Ort Nauleis <\/a>&#8211; welches heute zur Gemeinde Priestewitz geh\u00f6rt &#8211; finden wir <a href=\"https:\/\/goo.gl\/maps\/AhftFsBX8gKuwPtt6\" target=\"_blank\" rel=\"noreferrer noopener\">direkt am Dorfteich<\/a> ein Steinkreuz. Dabei handelt es sich um ein sogenanntes Scheibenkreuz, die Arme sind von einer Scheibe umschlossen. Das Kreuz besteht aus Sandstein.<br><br><\/p>\n\n\n<div class=\"wp-block-image\">\n<figure class=\"aligncenter size-full is-resized\"><a href=\"https:\/\/dirwabaum.de\/wordpress\/wp-content\/uploads\/2023\/04\/nauleis-1.jpg\"><img loading=\"lazy\" decoding=\"async\" data-attachment-id=\"34749\" data-permalink=\"https:\/\/dirwabaum.de\/wordpress\/suehnekreuze\/nauleis\/nauleis-1\/\" data-orig-file=\"https:\/\/dirwabaum.de\/wordpress\/wp-content\/uploads\/2023\/04\/nauleis-1.jpg\" data-orig-size=\"694,1000\" data-comments-opened=\"1\" data-image-meta=\"{&quot;aperture&quot;:&quot;1.8&quot;,&quot;credit&quot;:&quot;&quot;,&quot;camera&quot;:&quot;iPhone 14 Pro&quot;,&quot;caption&quot;:&quot;&quot;,&quot;created_timestamp&quot;:&quot;1682157235&quot;,&quot;copyright&quot;:&quot;\\u00a9 derbaum&quot;,&quot;focal_length&quot;:&quot;6.86&quot;,&quot;iso&quot;:&quot;64&quot;,&quot;shutter_speed&quot;:&quot;0.00027027027027027&quot;,&quot;title&quot;:&quot;&quot;,&quot;orientation&quot;:&quot;0&quot;}\" data-image-title=\"nauleis-1\" data-image-description=\"\" data-image-caption=\"\" data-large-file=\"https:\/\/dirwabaum.de\/wordpress\/wp-content\/uploads\/2023\/04\/nauleis-1.jpg\" src=\"https:\/\/dirwabaum.de\/wordpress\/wp-content\/uploads\/2023\/04\/nauleis-1.jpg\" alt=\"\" class=\"wp-image-34749\" width=\"521\" height=\"750\" srcset=\"https:\/\/dirwabaum.de\/wordpress\/wp-content\/uploads\/2023\/04\/nauleis-1.jpg 694w, https:\/\/dirwabaum.de\/wordpress\/wp-content\/uploads\/2023\/04\/nauleis-1-208x300.jpg 208w, https:\/\/dirwabaum.de\/wordpress\/wp-content\/uploads\/2023\/04\/nauleis-1-104x150.jpg 104w\" sizes=\"auto, (max-width: 521px) 100vw, 521px\" \/><\/a><\/figure>\n<\/div>\n\n\n<p class=\"has-text-align-center wp-block-paragraph\"><br>Fr\u00fcher war das Kreuz h\u00f6her &#8211; wie man auf der historischen Abbildung von Herrn Kuhfahl erkennen kann<br><br><\/p>\n\n\n<div class=\"wp-block-image\">\n<figure class=\"aligncenter size-full is-resized\"><a href=\"https:\/\/dirwabaum.de\/wordpress\/wp-content\/uploads\/2023\/04\/IMG_DBCCA8DE83D1-1-scaled.jpeg\"><img loading=\"lazy\" decoding=\"async\" data-attachment-id=\"34750\" data-permalink=\"https:\/\/dirwabaum.de\/wordpress\/suehnekreuze\/nauleis\/img_dbcca8de83d1-1\/\" data-orig-file=\"https:\/\/dirwabaum.de\/wordpress\/wp-content\/uploads\/2023\/04\/IMG_DBCCA8DE83D1-1-scaled.jpeg\" data-orig-size=\"1920,2560\" data-comments-opened=\"1\" data-image-meta=\"{&quot;aperture&quot;:&quot;0&quot;,&quot;credit&quot;:&quot;&quot;,&quot;camera&quot;:&quot;&quot;,&quot;caption&quot;:&quot;&quot;,&quot;created_timestamp&quot;:&quot;0&quot;,&quot;copyright&quot;:&quot;&quot;,&quot;focal_length&quot;:&quot;0&quot;,&quot;iso&quot;:&quot;0&quot;,&quot;shutter_speed&quot;:&quot;0&quot;,&quot;title&quot;:&quot;&quot;,&quot;orientation&quot;:&quot;1&quot;}\" data-image-title=\"IMG_DBCCA8DE83D1-1\" data-image-description=\"\" data-image-caption=\"\" data-large-file=\"https:\/\/dirwabaum.de\/wordpress\/wp-content\/uploads\/2023\/04\/IMG_DBCCA8DE83D1-1-scaled.jpeg\" src=\"https:\/\/dirwabaum.de\/wordpress\/wp-content\/uploads\/2023\/04\/IMG_DBCCA8DE83D1-1-scaled.jpeg\" alt=\"\" class=\"wp-image-34750\" width=\"960\" height=\"1280\" srcset=\"https:\/\/dirwabaum.de\/wordpress\/wp-content\/uploads\/2023\/04\/IMG_DBCCA8DE83D1-1-scaled.jpeg 1920w, https:\/\/dirwabaum.de\/wordpress\/wp-content\/uploads\/2023\/04\/IMG_DBCCA8DE83D1-1-225x300.jpeg 225w, https:\/\/dirwabaum.de\/wordpress\/wp-content\/uploads\/2023\/04\/IMG_DBCCA8DE83D1-1-113x150.jpeg 113w, https:\/\/dirwabaum.de\/wordpress\/wp-content\/uploads\/2023\/04\/IMG_DBCCA8DE83D1-1-768x1024.jpeg 768w, https:\/\/dirwabaum.de\/wordpress\/wp-content\/uploads\/2023\/04\/IMG_DBCCA8DE83D1-1-1152x1536.jpeg 1152w, https:\/\/dirwabaum.de\/wordpress\/wp-content\/uploads\/2023\/04\/IMG_DBCCA8DE83D1-1-1536x2048.jpeg 1536w\" sizes=\"auto, (max-width: 960px) 100vw, 960px\" \/><\/a><\/figure>\n<\/div>\n\n\n<p class=\"has-text-align-center wp-block-paragraph\"><br>Bei M\u00fcller\/Quietzsch steht geschrieben das das Kreuz Ende 1971\/ Anfang 1972 umgefahren wurde und dabei am Schaft zerbrach. Seitdem ist es augenscheinlich niedriger wieder aufgestellt worden. In den sp\u00e4ten 1980er Jahren stand es dann schon an der heutigen Stelle wie ein <a href=\"https:\/\/de.wikipedia.org\/wiki\/Nauleis#\/media\/Datei:30755-Nauleis-1988-Wohnh%C3%A4user_in_Nauleis_und_Altleis-Br%C3%BCck_&amp;_Sohn_Kunstverlag.jpg\" target=\"_blank\" rel=\"noreferrer noopener\">Postkarte<\/a> belegt.<br>\u00dcber die Bedeutung ist nichts \u00fcberliefert &#8211; unbest\u00e4tigt ist, da\u00df es sich um einen Grenzstein des Bistums meissen handelt.<br><br><\/p>\n\n\n<div class=\"wp-block-image\">\n<figure class=\"aligncenter size-full is-resized\"><a href=\"https:\/\/dirwabaum.de\/wordpress\/wp-content\/uploads\/2023\/04\/nauleis-2-1.jpg\"><img loading=\"lazy\" decoding=\"async\" data-attachment-id=\"34752\" data-permalink=\"https:\/\/dirwabaum.de\/wordpress\/suehnekreuze\/nauleis\/nauleis-2-1\/\" data-orig-file=\"https:\/\/dirwabaum.de\/wordpress\/wp-content\/uploads\/2023\/04\/nauleis-2-1.jpg\" data-orig-size=\"686,1000\" data-comments-opened=\"1\" data-image-meta=\"{&quot;aperture&quot;:&quot;1.8&quot;,&quot;credit&quot;:&quot;&quot;,&quot;camera&quot;:&quot;iPhone 14 Pro&quot;,&quot;caption&quot;:&quot;&quot;,&quot;created_timestamp&quot;:&quot;1682157276&quot;,&quot;copyright&quot;:&quot;\\u00a9 derbaum&quot;,&quot;focal_length&quot;:&quot;6.86&quot;,&quot;iso&quot;:&quot;64&quot;,&quot;shutter_speed&quot;:&quot;0.00047619047619048&quot;,&quot;title&quot;:&quot;&quot;,&quot;orientation&quot;:&quot;0&quot;}\" data-image-title=\"nauleis-2-1\" data-image-description=\"\" data-image-caption=\"\" data-large-file=\"https:\/\/dirwabaum.de\/wordpress\/wp-content\/uploads\/2023\/04\/nauleis-2-1.jpg\" src=\"https:\/\/dirwabaum.de\/wordpress\/wp-content\/uploads\/2023\/04\/nauleis-2-1.jpg\" alt=\"\" class=\"wp-image-34752\" width=\"515\" height=\"750\" srcset=\"https:\/\/dirwabaum.de\/wordpress\/wp-content\/uploads\/2023\/04\/nauleis-2-1.jpg 686w, https:\/\/dirwabaum.de\/wordpress\/wp-content\/uploads\/2023\/04\/nauleis-2-1-206x300.jpg 206w, https:\/\/dirwabaum.de\/wordpress\/wp-content\/uploads\/2023\/04\/nauleis-2-1-103x150.jpg 103w\" sizes=\"auto, (max-width: 515px) 100vw, 515px\" \/><\/a><\/figure>\n<\/div>\n\n\n<p class=\"has-text-align-center wp-block-paragraph\"><br>***<br><\/p>\n\n\n\n<p class=\"has-text-align-right wp-block-paragraph\"><a href=\"https:\/\/wp.me\/PIjRS-5Il\">zur\u00fcck<\/a><\/p>\n\n\n\n<p class=\"has-text-align-center wp-block-paragraph\"><br>***<br><\/p>\n","protected":false},"excerpt":{"rendered":"<p>Im kleinen Ort Nauleis &#8211; welches heute zur Gemeinde Priestewitz geh\u00f6rt &#8211; finden wir direkt am Dorfteich ein Steinkreuz. Dabei handelt es sich um ein sogenanntes Scheibenkreuz, die Arme sind von einer Scheibe umschlossen. Das Kreuz besteht aus Sandstein. Fr\u00fcher war das Kreuz h\u00f6her &#8211; wie man auf der historischen Abbildung von Herrn Kuhfahl erkennen [&hellip;]<\/p>\n","protected":false},"author":3,"featured_media":34746,"parent":21969,"menu_order":522000,"comment_status":"closed","ping_status":"closed","template":"floating-right-sidebar.php","meta":{"_crdt_document":"","jetpack_post_was_ever_published":false,"activitypub_content_warning":"","activitypub_content_visibility":"","activitypub_max_image_attachments":3,"activitypub_interaction_policy_quote":"anyone","activitypub_status":"","footnotes":""},"class_list":["post-34745","page","type-page","status-publish","has-post-thumbnail","hentry"],"yoast_head":"<!-- This site is optimized with the Yoast SEO plugin v27.4 - https:\/\/yoast.com\/product\/yoast-seo-wordpress\/ -->\n<title>Nauleis &#8211; DerBaum<\/title>\n<meta name=\"robots\" content=\"index, follow, max-snippet:-1, max-image-preview:large, max-video-preview:-1\" \/>\n<link rel=\"canonical\" href=\"https:\/\/dirwabaum.de\/wordpress\/suehnekreuze\/nauleis\/\" \/>\n<meta property=\"og:locale\" content=\"de_DE\" \/>\n<meta property=\"og:type\" content=\"article\" \/>\n<meta property=\"og:title\" content=\"Nauleis &#8211; DerBaum\" \/>\n<meta property=\"og:description\" content=\"Im kleinen Ort Nauleis &#8211; welches heute zur Gemeinde Priestewitz geh\u00f6rt &#8211; finden wir direkt am Dorfteich ein Steinkreuz. Dabei handelt es sich um ein sogenanntes Scheibenkreuz, die Arme sind von einer Scheibe umschlossen. Das Kreuz besteht aus Sandstein. Fr\u00fcher war das Kreuz h\u00f6her &#8211; wie man auf der historischen Abbildung von Herrn Kuhfahl erkennen [&hellip;]\" \/>\n<meta property=\"og:url\" content=\"https:\/\/dirwabaum.de\/wordpress\/suehnekreuze\/nauleis\/\" \/>\n<meta property=\"og:site_name\" content=\"DerBaum\" \/>\n<meta property=\"article:modified_time\" content=\"2023-04-22T15:20:24+00:00\" \/>\n<meta property=\"og:image\" content=\"https:\/\/dirwabaum.de\/wordpress\/wp-content\/uploads\/2023\/04\/nauleis-2.jpg\" \/>\n\t<meta property=\"og:image:width\" content=\"686\" \/>\n\t<meta property=\"og:image:height\" content=\"1000\" \/>\n\t<meta property=\"og:image:type\" content=\"image\/jpeg\" \/>\n<meta name=\"twitter:label1\" content=\"Gesch\u00e4tzte Lesezeit\" \/>\n\t<meta name=\"twitter:data1\" content=\"2\u00a0Minuten\" \/>\n<script type=\"application\/ld+json\" class=\"yoast-schema-graph\">{\"@context\":\"https:\\\/\\\/schema.org\",\"@graph\":[{\"@type\":\"WebPage\",\"@id\":\"https:\\\/\\\/dirwabaum.de\\\/wordpress\\\/suehnekreuze\\\/nauleis\\\/\",\"url\":\"https:\\\/\\\/dirwabaum.de\\\/wordpress\\\/suehnekreuze\\\/nauleis\\\/\",\"name\":\"Nauleis &#8211; DerBaum\",\"isPartOf\":{\"@id\":\"https:\\\/\\\/dirwabaum.de\\\/wordpress\\\/#website\"},\"primaryImageOfPage\":{\"@id\":\"https:\\\/\\\/dirwabaum.de\\\/wordpress\\\/suehnekreuze\\\/nauleis\\\/#primaryimage\"},\"image\":{\"@id\":\"https:\\\/\\\/dirwabaum.de\\\/wordpress\\\/suehnekreuze\\\/nauleis\\\/#primaryimage\"},\"thumbnailUrl\":\"https:\\\/\\\/dirwabaum.de\\\/wordpress\\\/wp-content\\\/uploads\\\/2023\\\/04\\\/nauleis-2.jpg\",\"datePublished\":\"2023-04-22T15:20:21+00:00\",\"dateModified\":\"2023-04-22T15:20:24+00:00\",\"breadcrumb\":{\"@id\":\"https:\\\/\\\/dirwabaum.de\\\/wordpress\\\/suehnekreuze\\\/nauleis\\\/#breadcrumb\"},\"inLanguage\":\"de\",\"potentialAction\":[{\"@type\":\"ReadAction\",\"target\":[\"https:\\\/\\\/dirwabaum.de\\\/wordpress\\\/suehnekreuze\\\/nauleis\\\/\"]}]},{\"@type\":\"ImageObject\",\"inLanguage\":\"de\",\"@id\":\"https:\\\/\\\/dirwabaum.de\\\/wordpress\\\/suehnekreuze\\\/nauleis\\\/#primaryimage\",\"url\":\"https:\\\/\\\/dirwabaum.de\\\/wordpress\\\/wp-content\\\/uploads\\\/2023\\\/04\\\/nauleis-2.jpg\",\"contentUrl\":\"https:\\\/\\\/dirwabaum.de\\\/wordpress\\\/wp-content\\\/uploads\\\/2023\\\/04\\\/nauleis-2.jpg\",\"width\":686,\"height\":1000},{\"@type\":\"BreadcrumbList\",\"@id\":\"https:\\\/\\\/dirwabaum.de\\\/wordpress\\\/suehnekreuze\\\/nauleis\\\/#breadcrumb\",\"itemListElement\":[{\"@type\":\"ListItem\",\"position\":1,\"name\":\"Home\",\"item\":\"https:\\\/\\\/dirwabaum.de\\\/wordpress\\\/\"},{\"@type\":\"ListItem\",\"position\":2,\"name\":\"#s\u00fchnekreuze\",\"item\":\"https:\\\/\\\/dirwabaum.de\\\/wordpress\\\/suehnekreuze\\\/\"},{\"@type\":\"ListItem\",\"position\":3,\"name\":\"Nauleis\"}]},{\"@type\":\"WebSite\",\"@id\":\"https:\\\/\\\/dirwabaum.de\\\/wordpress\\\/#website\",\"url\":\"https:\\\/\\\/dirwabaum.de\\\/wordpress\\\/\",\"name\":\"DerBaum\",\"description\":\"...schreibt oder auch nicht\",\"publisher\":{\"@id\":\"https:\\\/\\\/dirwabaum.de\\\/wordpress\\\/#\\\/schema\\\/person\\\/3431c8e9678d7bd4ccd94b76cf14e59f\"},\"potentialAction\":[{\"@type\":\"SearchAction\",\"target\":{\"@type\":\"EntryPoint\",\"urlTemplate\":\"https:\\\/\\\/dirwabaum.de\\\/wordpress\\\/?s={search_term_string}\"},\"query-input\":{\"@type\":\"PropertyValueSpecification\",\"valueRequired\":true,\"valueName\":\"search_term_string\"}}],\"inLanguage\":\"de\"},{\"@type\":[\"Person\",\"Organization\"],\"@id\":\"https:\\\/\\\/dirwabaum.de\\\/wordpress\\\/#\\\/schema\\\/person\\\/3431c8e9678d7bd4ccd94b76cf14e59f\",\"name\":\"der chef\",\"image\":{\"@type\":\"ImageObject\",\"inLanguage\":\"de\",\"@id\":\"https:\\\/\\\/i2.wp.com\\\/dirwabaum.de\\\/wordpress\\\/wp-content\\\/uploads\\\/2020\\\/11\\\/Foto-02.10.11-08-54-32.jpg?fit=1936%2C1936&ssl=1\",\"url\":\"https:\\\/\\\/i2.wp.com\\\/dirwabaum.de\\\/wordpress\\\/wp-content\\\/uploads\\\/2020\\\/11\\\/Foto-02.10.11-08-54-32.jpg?fit=1936%2C1936&ssl=1\",\"contentUrl\":\"https:\\\/\\\/i2.wp.com\\\/dirwabaum.de\\\/wordpress\\\/wp-content\\\/uploads\\\/2020\\\/11\\\/Foto-02.10.11-08-54-32.jpg?fit=1936%2C1936&ssl=1\",\"width\":\"1936\",\"height\":\"1936\",\"caption\":\"der chef\"},\"logo\":{\"@id\":\"https:\\\/\\\/i2.wp.com\\\/dirwabaum.de\\\/wordpress\\\/wp-content\\\/uploads\\\/2020\\\/11\\\/Foto-02.10.11-08-54-32.jpg?fit=1936%2C1936&ssl=1\"},\"description\":\"Tue einfach so als w\u00fcsstest du was du tust!\",\"sameAs\":[\"https:\\\/\\\/x.com\\\/derbaum\"]}]}<\/script>\n<!-- \/ Yoast SEO plugin. -->","yoast_head_json":{"title":"Nauleis &#8211; DerBaum","robots":{"index":"index","follow":"follow","max-snippet":"max-snippet:-1","max-image-preview":"max-image-preview:large","max-video-preview":"max-video-preview:-1"},"canonical":"https:\/\/dirwabaum.de\/wordpress\/suehnekreuze\/nauleis\/","og_locale":"de_DE","og_type":"article","og_title":"Nauleis &#8211; DerBaum","og_description":"Im kleinen Ort Nauleis &#8211; welches heute zur Gemeinde Priestewitz geh\u00f6rt &#8211; finden wir direkt am Dorfteich ein Steinkreuz. Dabei handelt es sich um ein sogenanntes Scheibenkreuz, die Arme sind von einer Scheibe umschlossen. Das Kreuz besteht aus Sandstein. Fr\u00fcher war das Kreuz h\u00f6her &#8211; wie man auf der historischen Abbildung von Herrn Kuhfahl erkennen [&hellip;]","og_url":"https:\/\/dirwabaum.de\/wordpress\/suehnekreuze\/nauleis\/","og_site_name":"DerBaum","article_modified_time":"2023-04-22T15:20:24+00:00","og_image":[{"width":686,"height":1000,"url":"https:\/\/dirwabaum.de\/wordpress\/wp-content\/uploads\/2023\/04\/nauleis-2.jpg","type":"image\/jpeg"}],"twitter_misc":{"Gesch\u00e4tzte Lesezeit":"2\u00a0Minuten"},"schema":{"@context":"https:\/\/schema.org","@graph":[{"@type":"WebPage","@id":"https:\/\/dirwabaum.de\/wordpress\/suehnekreuze\/nauleis\/","url":"https:\/\/dirwabaum.de\/wordpress\/suehnekreuze\/nauleis\/","name":"Nauleis &#8211; DerBaum","isPartOf":{"@id":"https:\/\/dirwabaum.de\/wordpress\/#website"},"primaryImageOfPage":{"@id":"https:\/\/dirwabaum.de\/wordpress\/suehnekreuze\/nauleis\/#primaryimage"},"image":{"@id":"https:\/\/dirwabaum.de\/wordpress\/suehnekreuze\/nauleis\/#primaryimage"},"thumbnailUrl":"https:\/\/dirwabaum.de\/wordpress\/wp-content\/uploads\/2023\/04\/nauleis-2.jpg","datePublished":"2023-04-22T15:20:21+00:00","dateModified":"2023-04-22T15:20:24+00:00","breadcrumb":{"@id":"https:\/\/dirwabaum.de\/wordpress\/suehnekreuze\/nauleis\/#breadcrumb"},"inLanguage":"de","potentialAction":[{"@type":"ReadAction","target":["https:\/\/dirwabaum.de\/wordpress\/suehnekreuze\/nauleis\/"]}]},{"@type":"ImageObject","inLanguage":"de","@id":"https:\/\/dirwabaum.de\/wordpress\/suehnekreuze\/nauleis\/#primaryimage","url":"https:\/\/dirwabaum.de\/wordpress\/wp-content\/uploads\/2023\/04\/nauleis-2.jpg","contentUrl":"https:\/\/dirwabaum.de\/wordpress\/wp-content\/uploads\/2023\/04\/nauleis-2.jpg","width":686,"height":1000},{"@type":"BreadcrumbList","@id":"https:\/\/dirwabaum.de\/wordpress\/suehnekreuze\/nauleis\/#breadcrumb","itemListElement":[{"@type":"ListItem","position":1,"name":"Home","item":"https:\/\/dirwabaum.de\/wordpress\/"},{"@type":"ListItem","position":2,"name":"#s\u00fchnekreuze","item":"https:\/\/dirwabaum.de\/wordpress\/suehnekreuze\/"},{"@type":"ListItem","position":3,"name":"Nauleis"}]},{"@type":"WebSite","@id":"https:\/\/dirwabaum.de\/wordpress\/#website","url":"https:\/\/dirwabaum.de\/wordpress\/","name":"DerBaum","description":"...schreibt oder auch nicht","publisher":{"@id":"https:\/\/dirwabaum.de\/wordpress\/#\/schema\/person\/3431c8e9678d7bd4ccd94b76cf14e59f"},"potentialAction":[{"@type":"SearchAction","target":{"@type":"EntryPoint","urlTemplate":"https:\/\/dirwabaum.de\/wordpress\/?s={search_term_string}"},"query-input":{"@type":"PropertyValueSpecification","valueRequired":true,"valueName":"search_term_string"}}],"inLanguage":"de"},{"@type":["Person","Organization"],"@id":"https:\/\/dirwabaum.de\/wordpress\/#\/schema\/person\/3431c8e9678d7bd4ccd94b76cf14e59f","name":"der chef","image":{"@type":"ImageObject","inLanguage":"de","@id":"https:\/\/i2.wp.com\/dirwabaum.de\/wordpress\/wp-content\/uploads\/2020\/11\/Foto-02.10.11-08-54-32.jpg?fit=1936%2C1936&ssl=1","url":"https:\/\/i2.wp.com\/dirwabaum.de\/wordpress\/wp-content\/uploads\/2020\/11\/Foto-02.10.11-08-54-32.jpg?fit=1936%2C1936&ssl=1","contentUrl":"https:\/\/i2.wp.com\/dirwabaum.de\/wordpress\/wp-content\/uploads\/2020\/11\/Foto-02.10.11-08-54-32.jpg?fit=1936%2C1936&ssl=1","width":"1936","height":"1936","caption":"der chef"},"logo":{"@id":"https:\/\/i2.wp.com\/dirwabaum.de\/wordpress\/wp-content\/uploads\/2020\/11\/Foto-02.10.11-08-54-32.jpg?fit=1936%2C1936&ssl=1"},"description":"Tue einfach so als w\u00fcsstest du was du tust!","sameAs":["https:\/\/x.com\/derbaum"]}]}},"jetpack_shortlink":"https:\/\/wp.me\/PIjRS-92p","jetpack_sharing_enabled":true,"_links":{"self":[{"href":"https:\/\/dirwabaum.de\/wordpress\/wp-json\/wp\/v2\/pages\/34745","targetHints":{"allow":["GET"]}}],"collection":[{"href":"https:\/\/dirwabaum.de\/wordpress\/wp-json\/wp\/v2\/pages"}],"about":[{"href":"https:\/\/dirwabaum.de\/wordpress\/wp-json\/wp\/v2\/types\/page"}],"author":[{"embeddable":true,"href":"https:\/\/dirwabaum.de\/wordpress\/wp-json\/wp\/v2\/users\/3"}],"replies":[{"embeddable":true,"href":"https:\/\/dirwabaum.de\/wordpress\/wp-json\/wp\/v2\/comments?post=34745"}],"version-history":[{"count":4,"href":"https:\/\/dirwabaum.de\/wordpress\/wp-json\/wp\/v2\/pages\/34745\/revisions"}],"predecessor-version":[{"id":34754,"href":"https:\/\/dirwabaum.de\/wordpress\/wp-json\/wp\/v2\/pages\/34745\/revisions\/34754"}],"up":[{"embeddable":true,"href":"https:\/\/dirwabaum.de\/wordpress\/wp-json\/wp\/v2\/pages\/21969"}],"wp:featuredmedia":[{"embeddable":true,"href":"https:\/\/dirwabaum.de\/wordpress\/wp-json\/wp\/v2\/media\/34746"}],"wp:attachment":[{"href":"https:\/\/dirwabaum.de\/wordpress\/wp-json\/wp\/v2\/media?parent=34745"}],"curies":[{"name":"wp","href":"https:\/\/api.w.org\/{rel}","templated":true}]}}